{"id":7114,"date":"2023-06-13T14:58:04","date_gmt":"2023-06-13T12:58:04","guid":{"rendered":"https:\/\/www.groupeprofessionsante.fr\/upcoming-summaries\/"},"modified":"2025-04-28T16:37:05","modified_gmt":"2025-04-28T14:37:05","slug":"upcoming-summaries","status":"publish","type":"page","link":"https:\/\/www.groupeprofessionsante.fr\/en\/upcoming-summaries\/","title":{"rendered":"Upcoming summaries"},"content":{"rendered":"<p>[et_pb_section fb_built=&#8221;1&#8243; next_background_color=&#8221;#FFFFFF&#8221; _builder_version=&#8221;4.18.0&#8243; _module_preset=&#8221;default&#8221; background_color=&#8221;#3F3F3F&#8221; use_background_color_gradient=&#8221;on&#8221; background_color_gradient_direction=&#8221;312deg&#8221; background_color_gradient_stops=&#8221;#000000 0%|#3f3f3f 100%&#8221; custom_margin=&#8221;0px||0px||true|false&#8221; custom_padding=&#8221;60px||45px||false|false&#8221; bottom_divider_style=&#8221;asymmetric&#8221; bottom_divider_height=&#8221;75px&#8221; locked=&#8221;off&#8221; global_colors_info=&#8221;{}&#8221;][et_pb_row _builder_version=&#8221;4.18.0&#8243; _module_preset=&#8221;default&#8221; custom_padding=&#8221;40px||37px|||&#8221; global_colors_info=&#8221;{}&#8221;][et_pb_column type=&#8221;4_4&#8243; _builder_version=&#8221;4.18.0&#8243; _module_preset=&#8221;default&#8221; global_colors_info=&#8221;{}&#8221;][et_pb_text _builder_version=&#8221;4.19.4&#8243; _module_preset=&#8221;default&#8221; text_text_color=&#8221;#FFFFFF&#8221; link_text_color=&#8221;#E5E5E5&#8243; link_font_size=&#8221;13px&#8221; header_font=&#8221;|||on|||||&#8221; header_text_color=&#8221;#FFFFFF&#8221; header_font_size=&#8221;65px&#8221; custom_margin=&#8221;||4px|||&#8221; header_font_size_tablet=&#8221;44px&#8221; header_font_size_phone=&#8221;34px&#8221; header_font_size_last_edited=&#8221;on|phone&#8221; global_colors_info=&#8221;{}&#8221;]<\/p>\n<h1>Upcoming summaries<\/h1>\n<p>[\/et_pb_text][et_pb_text _builder_version=&#8221;4.18.0&#8243; _module_preset=&#8221;default&#8221; text_text_color=&#8221;#FFFFFF&#8221; text_font_size=&#8221;13px&#8221; link_text_color=&#8221;#E5E5E5&#8243; link_font_size=&#8221;13px&#8221; custom_margin=&#8221;5px|||||&#8221; locked=&#8221;off&#8221; global_colors_info=&#8221;{}&#8221;]<\/p>\n<span><span><a href=\"https:\/\/www.groupeprofessionsante.fr\/en\/\">Accueil<\/a><\/span>\n<p>[\/et_pb_text][\/et_pb_column][\/et_pb_row][\/et_pb_section][et_pb_section fb_built=&#8221;1&#8243; _builder_version=&#8221;4.18.0&#8243; _module_preset=&#8221;default&#8221; background_color=&#8221;#FFFFFF&#8221; global_colors_info=&#8221;{}&#8221;][et_pb_row _builder_version=&#8221;4.17.1&#8243; _module_preset=&#8221;default&#8221; global_colors_info=&#8221;{}&#8221;][et_pb_column type=&#8221;4_4&#8243; _builder_version=&#8221;4.17.1&#8243; _module_preset=&#8221;default&#8221; global_colors_info=&#8221;{}&#8221;][et_pb_text _builder_version=&#8221;4.19.4&#8243; _module_preset=&#8221;default&#8221; global_colors_info=&#8221;{}&#8221;]<\/p>\n<h3 style=\"text-align: justify;\"><strong><span style=\"color: #000000;\">Find out more about the dossiers you won&#8217;t want to miss in the coming months. Don&#8217;t miss an opportunity to communicate! <\/span><\/strong><\/h3>\n<p>[\/et_pb_text][et_pb_post_title author=&#8221;off&#8221; date=&#8221;off&#8221; comments=&#8221;off&#8221; featured_image_tablet=&#8221;&#8221; featured_image_phone=&#8221;&#8221; featured_image_last_edited=&#8221;on|desktop&#8221; _builder_version=&#8221;4.19.4&#8243; _module_preset=&#8221;default&#8221; title_text_color=&#8221;#000000&#8243; global_colors_info=&#8221;{}&#8221;][\/et_pb_post_title][\/et_pb_column][\/et_pb_row][et_pb_row column_structure=&#8221;1_3,1_3,1_3&#8243; make_equal=&#8221;on&#8221; _builder_version=&#8221;4.18.0&#8243; _module_preset=&#8221;default&#8221; custom_margin=&#8221;|auto|-11px|auto||&#8221; custom_padding=&#8221;||24px|||&#8221; global_colors_info=&#8221;{}&#8221;][et_pb_column type=&#8221;1_3&#8243; _builder_version=&#8221;4.18.0&#8243; _module_preset=&#8221;default&#8221; background_color=&#8221;#000000&#8243; animation_style=&#8221;slide&#8221; animation_direction=&#8221;top&#8221; animation_duration=&#8221;1050ms&#8221; animation_intensity_slide=&#8221;12%&#8221; animation_starting_opacity=&#8221;16%&#8221; global_colors_info=&#8221;{}&#8221;][et_pb_image src=&#8221;https:\/\/www.groupeprofessionsante.fr\/wp-content\/uploads\/2025\/02\/QDM-pour-sommaire.jpg&#8221; alt=&#8221;Health profession group&#8221; title_text=&#8221;QDM pour sommaire&#8221; _builder_version=&#8221;4.22.2&#8243; _module_preset=&#8221;default&#8221; background_color=&#8221;#007EC4&#8243; custom_margin=&#8221;||-1px|||&#8221; box_shadow_style=&#8221;preset3&#8243; box_shadow_vertical=&#8221;-10px&#8221; box_shadow_blur=&#8221;20px&#8221; box_shadow_spread=&#8221;-14px&#8221; global_colors_info=&#8221;{}&#8221;][\/et_pb_image][et_pb_text _builder_version=&#8221;4.22.2&#8243; _module_preset=&#8221;default&#8221; text_text_color=&#8221;#FFFFFF&#8221; background_color=&#8221;RGBA(255,255,255,0)&#8221; custom_padding=&#8221;47px|30px|47px|30px|true|true&#8221; global_colors_info=&#8221;{}&#8221;]<\/p>\n<h1 style=\"text-align: center;\"><span style=\"color: #ffffff;\"><strong>Editorial Calendar  <\/strong><\/span><\/h1>\n<h1 style=\"text-align: center;\"><span style=\"color: #ffffff;\"><strong>1st half 2025<\/strong><\/span><\/h1>\n<p>[\/et_pb_text][et_pb_button button_url=&#8221;@ET-DC@eyJkeW5hbWljIjp0cnVlLCJjb250ZW50IjoicG9zdF9saW5rX3VybF9hdHRhY2htZW50Iiwic2V0dGluZ3MiOnsicG9zdF9pZCI6IjY5NjQifX0=@&#8221; url_new_window=&#8221;on&#8221; button_text=&#8221;Visit  &#8221; button_alignment=&#8221;center&#8221; _builder_version=&#8221;4.22.2&#8243; _dynamic_attributes=&#8221;button_url&#8221; _module_preset=&#8221;default&#8221; transform_translate=&#8221;0px|-27px&#8221; global_colors_info=&#8221;{}&#8221;][\/et_pb_button][\/et_pb_column][et_pb_column type=&#8221;1_3&#8243; _builder_version=&#8221;4.18.0&#8243; _module_preset=&#8221;default&#8221; background_color=&#8221;#000000&#8243; animation_style=&#8221;slide&#8221; animation_direction=&#8221;top&#8221; animation_delay=&#8221;250ms&#8221; animation_intensity_slide=&#8221;18%&#8221; animation_starting_opacity=&#8221;12%&#8221; global_colors_info=&#8221;{}&#8221;][et_pb_image src=&#8221;https:\/\/www.groupeprofessionsante.fr\/wp-content\/uploads\/2025\/02\/QPH-pour-sommaire.jpg&#8221; alt=&#8221;committed teams&#8221; title_text=&#8221;QPH pour sommaire&#8221; _builder_version=&#8221;4.22.2&#8243; _module_preset=&#8221;default&#8221; background_color=&#8221;#007EC4&#8243; custom_margin=&#8221;||-1px|||&#8221; box_shadow_style=&#8221;preset3&#8243; box_shadow_vertical=&#8221;-10px&#8221; box_shadow_blur=&#8221;20px&#8221; box_shadow_spread=&#8221;-14px&#8221; global_colors_info=&#8221;{}&#8221;][\/et_pb_image][et_pb_text _builder_version=&#8221;4.22.2&#8243; _module_preset=&#8221;default&#8221; text_text_color=&#8221;#FFFFFF&#8221; background_color=&#8221;RGBA(255,255,255,0)&#8221; custom_padding=&#8221;25px|30px|25px|30px|true|true&#8221; global_colors_info=&#8221;{}&#8221;]<\/p>\n<h1 style=\"text-align: center;\"><span style=\"color: #ffffff;\"><strong>Editorial Calendar  <\/strong><\/span><\/h1>\n<h1 style=\"text-align: center;\"><span style=\"color: #ffffff;\"><strong>1st half 2025<\/strong><\/span><\/h1>\n<p>[\/et_pb_text][et_pb_button button_url=&#8221;@ET-DC@eyJkeW5hbWljIjp0cnVlLCJjb250ZW50IjoicG9zdF9saW5rX3VybF9hdHRhY2htZW50Iiwic2V0dGluZ3MiOnsicG9zdF9pZCI6IjY5NjYifX0=@&#8221; url_new_window=&#8221;on&#8221; button_text=&#8221;Visit  &#8221; button_alignment=&#8221;center&#8221; _builder_version=&#8221;4.22.2&#8243; _dynamic_attributes=&#8221;button_url&#8221; _module_preset=&#8221;default&#8221; global_colors_info=&#8221;{}&#8221;][\/et_pb_button][\/et_pb_column][et_pb_column type=&#8221;1_3&#8243; _builder_version=&#8221;4.18.0&#8243; _module_preset=&#8221;default&#8221; background_color=&#8221;#000000&#8243; animation_style=&#8221;slide&#8221; animation_direction=&#8221;top&#8221; animation_delay=&#8221;650ms&#8221; animation_intensity_slide=&#8221;15%&#8221; animation_starting_opacity=&#8221;11%&#8221; global_colors_info=&#8221;{}&#8221;][et_pb_image src=&#8221;https:\/\/www.groupeprofessionsante.fr\/wp-content\/uploads\/2025\/02\/JMS-pour-sommaire.png&#8221; alt=&#8221;Numerous trades&#8221; title_text=&#8221;JMS pour sommaire&#8221; _builder_version=&#8221;4.22.2&#8243; _module_preset=&#8221;default&#8221; custom_margin=&#8221;||-1px|||&#8221; box_shadow_style=&#8221;preset3&#8243; box_shadow_vertical=&#8221;-10px&#8221; box_shadow_blur=&#8221;20px&#8221; box_shadow_spread=&#8221;-14px&#8221; global_colors_info=&#8221;{}&#8221;][\/et_pb_image][et_pb_text _builder_version=&#8221;4.22.2&#8243; _module_preset=&#8221;default&#8221; text_text_color=&#8221;#FFFFFF&#8221; background_color=&#8221;RGBA(255,255,255,0)&#8221; custom_padding=&#8221;40px|30px|40px|30px|true|true&#8221; global_colors_info=&#8221;{}&#8221;]<\/p>\n<h1 class=\"et_pb_testimonial_meta\" style=\"text-align: center;\"><span style=\"color: #ffffff;\"><strong>Planning 2024 World Health Days  <\/strong><\/span><\/h1>\n<p>[\/et_pb_text][et_pb_button button_url=&#8221;@ET-DC@eyJkeW5hbWljIjp0cnVlLCJjb250ZW50IjoicG9zdF9saW5rX3VybF9hdHRhY2htZW50Iiwic2V0dGluZ3MiOnsicG9zdF9pZCI6IjcxNzIifX0=@&#8221; url_new_window=&#8221;on&#8221; button_text=&#8221;Visit  &#8221; button_alignment=&#8221;center&#8221; _builder_version=&#8221;4.22.2&#8243; _dynamic_attributes=&#8221;button_url&#8221; _module_preset=&#8221;default&#8221; transform_translate=&#8221;0px|-4px&#8221; global_colors_info=&#8221;{}&#8221;][\/et_pb_button][\/et_pb_column][\/et_pb_row][et_pb_row column_structure=&#8221;1_3,1_3,1_3&#8243; make_equal=&#8221;on&#8221; _builder_version=&#8221;4.22.2&#8243; _module_preset=&#8221;default&#8221; module_alignment=&#8221;center&#8221; custom_margin=&#8221;|auto|-11px|auto||&#8221; custom_padding=&#8221;||24px|||&#8221; global_colors_info=&#8221;{}&#8221;][et_pb_column type=&#8221;1_3&#8243; _builder_version=&#8221;4.22.2&#8243; _module_preset=&#8221;default&#8221; background_color=&#8221;#000000&#8243; animation_style=&#8221;slide&#8221; animation_direction=&#8221;top&#8221; animation_delay=&#8221;250ms&#8221; animation_intensity_slide=&#8221;18%&#8221; animation_starting_opacity=&#8221;12%&#8221; global_colors_info=&#8221;{}&#8221;][et_pb_image src=&#8221;https:\/\/www.groupeprofessionsante.fr\/wp-content\/uploads\/2025\/04\/Prochains-sommaires-2.png&#8221; alt=&#8221;committed teams&#8221; title_text=&#8221;Prochains sommaires (2)&#8221; _builder_version=&#8221;4.22.2&#8243; _module_preset=&#8221;default&#8221; background_color=&#8221;#007EC4&#8243; custom_margin=&#8221;||-1px|||&#8221; box_shadow_style=&#8221;preset3&#8243; box_shadow_vertical=&#8221;-10px&#8221; box_shadow_blur=&#8221;20px&#8221; box_shadow_spread=&#8221;-14px&#8221; global_colors_info=&#8221;{}&#8221;][\/et_pb_image][et_pb_cta title=&#8221;Special Nutrition file  &#8221; button_url=&#8221;@ET-DC@eyJkeW5hbWljIjp0cnVlLCJjb250ZW50IjoicG9zdF9saW5rX3VybF9wYWdlIiwic2V0dGluZ3MiOnsicG9zdF9pZCI6IjE5MTgifX0=@&#8221; button_text=&#8221;Request file  &#8221; _builder_version=&#8221;4.22.2&#8243; _dynamic_attributes=&#8221;button_url,link_option_url&#8221; _module_preset=&#8221;default&#8221; background_color=&#8221;#000000&#8243; custom_button=&#8221;on&#8221; button_text_size=&#8221;15px&#8221; button_text_color=&#8221;#007EC4&#8243; link_option_url=&#8221;@ET-DC@eyJkeW5hbWljIjp0cnVlLCJjb250ZW50IjoicG9zdF9saW5rX3VybF9wYWdlIiwic2V0dGluZ3MiOnsicG9zdF9pZCI6IjE5MTgifX0=@&#8221; hover_enabled=&#8221;0&#8243; global_colors_info=&#8221;{}&#8221; sticky_enabled=&#8221;0&#8243;]<\/p>\n<h6> <\/h6>\n<h6><span style=\"color: #999999;\"><em>To be published on February 21<\/em><\/span><\/h6>\n<p>Le Quotidien du M\u00e9decin<\/p>\n<p>&nbsp;<\/p>\n<h6 style=\"padding-left: 80px;\"><span style=\"color: #999999;\"><em> <\/em><\/span><\/h6>\n<p>[\/et_pb_cta][\/et_pb_column][et_pb_column type=&#8221;1_3&#8243; _builder_version=&#8221;4.18.0&#8243; _module_preset=&#8221;default&#8221; background_color=&#8221;#000000&#8243; animation_style=&#8221;slide&#8221; animation_direction=&#8221;top&#8221; animation_delay=&#8221;250ms&#8221; animation_intensity_slide=&#8221;18%&#8221; animation_starting_opacity=&#8221;12%&#8221; global_colors_info=&#8221;{}&#8221;][et_pb_image src=&#8221;https:\/\/www.groupeprofessionsante.fr\/wp-content\/uploads\/2025\/04\/Prochains-sommaires-1.png&#8221; alt=&#8221;committed teams&#8221; title_text=&#8221;Prochains sommaires (1)&#8221; _builder_version=&#8221;4.22.2&#8243; _module_preset=&#8221;default&#8221; background_color=&#8221;#007EC4&#8243; custom_margin=&#8221;||-1px|||&#8221; box_shadow_style=&#8221;preset3&#8243; box_shadow_vertical=&#8221;-10px&#8221; box_shadow_blur=&#8221;20px&#8221; box_shadow_spread=&#8221;-14px&#8221; global_colors_info=&#8221;{}&#8221;][\/et_pb_image][et_pb_cta title=&#8221;Dossier sp\u00e9cial H\u00f4pital&#8221; button_url=&#8221;@ET-DC@eyJkeW5hbWljIjp0cnVlLCJjb250ZW50IjoicG9zdF9saW5rX3VybF9wYWdlIiwic2V0dGluZ3MiOnsicG9zdF9pZCI6IjE5MTgifX0=@&#8221; button_text=&#8221;Request file  &#8221; _builder_version=&#8221;4.22.2&#8243; _dynamic_attributes=&#8221;button_url,link_option_url&#8221; _module_preset=&#8221;default&#8221; background_color=&#8221;#000000&#8243; custom_button=&#8221;on&#8221; button_text_size=&#8221;15px&#8221; button_text_color=&#8221;#007EC4&#8243; link_option_url=&#8221;@ET-DC@eyJkeW5hbWljIjp0cnVlLCJjb250ZW50IjoicG9zdF9saW5rX3VybF9wYWdlIiwic2V0dGluZ3MiOnsicG9zdF9pZCI6IjE5MTgifX0=@&#8221; global_colors_info=&#8221;{}&#8221;]<\/p>\n<h6> <\/h6>\n<h6><span style=\"color: #999999;\"><em>To be published on March 28<\/em><\/span><\/h6>\n<p>Le Quotidien du M\u00e9decin<\/p>\n<p>&nbsp;<\/p>\n<h6 style=\"padding-left: 80px;\"><span style=\"color: #999999;\"><em> <\/em><\/span><\/h6>\n<p>[\/et_pb_cta][\/et_pb_column][et_pb_column type=&#8221;1_3&#8243; _builder_version=&#8221;4.18.0&#8243; _module_preset=&#8221;default&#8221; background_color=&#8221;#000000&#8243; animation_style=&#8221;slide&#8221; animation_direction=&#8221;top&#8221; animation_delay=&#8221;250ms&#8221; animation_intensity_slide=&#8221;18%&#8221; animation_starting_opacity=&#8221;12%&#8221; global_colors_info=&#8221;{}&#8221;][et_pb_image src=&#8221;https:\/\/www.groupeprofessionsante.fr\/wp-content\/uploads\/2025\/04\/Prochains-sommaires-3.png&#8221; alt=&#8221;committed teams&#8221; title_text=&#8221;Prochains sommaires (3)&#8221; _builder_version=&#8221;4.22.2&#8243; _module_preset=&#8221;default&#8221; background_color=&#8221;#007EC4&#8243; custom_margin=&#8221;||-1px|||&#8221; box_shadow_style=&#8221;preset3&#8243; box_shadow_vertical=&#8221;-10px&#8221; box_shadow_blur=&#8221;20px&#8221; box_shadow_spread=&#8221;-14px&#8221; global_colors_info=&#8221;{}&#8221;][\/et_pb_image][et_pb_cta title=&#8221;Dossier sp\u00e9cialiste Cardiologue&#8221; button_url=&#8221;@ET-DC@eyJkeW5hbWljIjp0cnVlLCJjb250ZW50IjoicG9zdF9saW5rX3VybF9wYWdlIiwic2V0dGluZ3MiOnsicG9zdF9pZCI6IjE5MTgifX0=@&#8221; button_text=&#8221;Request file  &#8221; _builder_version=&#8221;4.22.2&#8243; _dynamic_attributes=&#8221;button_url,link_option_url&#8221; _module_preset=&#8221;default&#8221; background_color=&#8221;#000000&#8243; custom_button=&#8221;on&#8221; button_text_size=&#8221;15px&#8221; button_text_color=&#8221;#007EC4&#8243; link_option_url=&#8221;@ET-DC@eyJkeW5hbWljIjp0cnVlLCJjb250ZW50IjoicG9zdF9saW5rX3VybF9wYWdlIiwic2V0dGluZ3MiOnsicG9zdF9pZCI6IjE5MTgifX0=@&#8221; global_colors_info=&#8221;{}&#8221;]<\/p>\n<h6> <\/h6>\n<h6><span style=\"color: #999999;\"><em>To be published on February 27<\/em><\/span><\/h6>\n<p>Le Quotidien du Pharmacien<\/p>\n<p>&nbsp;<\/p>\n<h6 style=\"padding-left: 80px;\"><span style=\"color: #999999;\"><em> <\/em><\/span><\/h6>\n<p>[\/et_pb_cta][\/et_pb_column][\/et_pb_row][\/et_pb_section][et_pb_section fb_built=&#8221;1&#8243; _builder_version=&#8221;4.22.2&#8243; _module_preset=&#8221;default&#8221; global_colors_info=&#8221;{}&#8221;][et_pb_row _builder_version=&#8221;4.22.2&#8243; _module_preset=&#8221;default&#8221; global_colors_info=&#8221;{}&#8221;][et_pb_column type=&#8221;4_4&#8243; _builder_version=&#8221;4.22.2&#8243; _module_preset=&#8221;default&#8221; global_colors_info=&#8221;{}&#8221;][et_pb_button button_url=&#8221;@ET-DC@eyJkeW5hbWljIjp0cnVlLCJjb250ZW50IjoicG9zdF9saW5rX3VybF9wYWdlIiwic2V0dGluZ3MiOnsicG9zdF9pZCI6IjE5MDUifX0=@&#8221; button_text=&#8221;Media  &#8221; _builder_version=&#8221;4.22.2&#8243; _dynamic_attributes=&#8221;button_url&#8221; _module_preset=&#8221;default&#8221; global_colors_info=&#8221;{}&#8221;][\/et_pb_button][\/et_pb_column][\/et_pb_row][\/et_pb_section][et_pb_section fb_built=&#8221;1&#8243; fullwidth=&#8221;on&#8221; _builder_version=&#8221;4.22.2&#8243; _module_preset=&#8221;default&#8221; global_colors_info=&#8221;{}&#8221;][\/et_pb_section]<\/p>\n","protected":false},"excerpt":{"rendered":"<p>Upcoming summaries<span><span><a href=\"https:\/\/www.groupeprofessionsante.fr\/en\/\">Accueil<\/a><\/span>Find out more about the dossiers you won&#8217;t want to miss in the coming months. Don&#8217;t miss an opportunity to communicate! Editorial Calendar 1st half 2025Editorial Calendar 1st half 2025Planning 2024 World Health Days To be published on February 21 Le Quotidien du M\u00e9decin &nbsp; To be published on March 28 Le Quotidien du [&hellip;]<\/p>\n","protected":false},"author":12,"featured_media":0,"parent":0,"menu_order":0,"comment_status":"closed","ping_status":"closed","template":"","meta":{"_et_pb_use_builder":"on","_et_pb_old_content":"","_et_gb_content_width":""},"acf":[],"yoast_head":"<!-- This site is optimized with the Yoast SEO plugin v19.11 - https:\/\/yoast.com\/wordpress\/plugins\/seo\/ -->\n<title>Upcoming summaries - Groupe Profession Sant\u00e9<\/title>\n<meta name=\"robots\" content=\"index, follow, max-snippet:-1, max-image-preview:large, max-video-preview:-1\" \/>\n<link rel=\"canonical\" href=\"https:\/\/www.groupeprofessionsante.fr\/en\/upcoming-summaries\/\" \/>\n<meta property=\"og:locale\" content=\"en_US\" \/>\n<meta property=\"og:type\" content=\"article\" \/>\n<meta property=\"og:title\" content=\"Upcoming summaries - Groupe Profession Sant\u00e9\" \/>\n<meta property=\"og:description\" content=\"Upcoming summariesFind out more about the dossiers you won&#039;t want to miss in the coming months. Don&#039;t miss an opportunity to communicate! Editorial Calendar 1st half 2025Editorial Calendar 1st half 2025Planning 2024 World Health Days To be published on February 21 Le Quotidien du M\u00e9decin &nbsp; To be published on March 28 Le Quotidien du [&hellip;]\" \/>\n<meta property=\"og:url\" content=\"https:\/\/www.groupeprofessionsante.fr\/en\/upcoming-summaries\/\" \/>\n<meta property=\"og:site_name\" content=\"Groupe Profession Sant\u00e9\" \/>\n<meta property=\"article:modified_time\" content=\"2025-04-28T14:37:05+00:00\" \/>\n<meta name=\"twitter:card\" content=\"summary_large_image\" \/>\n<meta name=\"twitter:site\" content=\"@gpsante\" \/>\n<meta name=\"twitter:label1\" content=\"Est. reading time\" \/>\n\t<meta name=\"twitter:data1\" content=\"8 minutes\" \/>\n<script type=\"application\/ld+json\" class=\"yoast-schema-graph\">{\"@context\":\"https:\/\/schema.org\",\"@graph\":[{\"@type\":\"WebPage\",\"@id\":\"https:\/\/www.groupeprofessionsante.fr\/en\/upcoming-summaries\/\",\"url\":\"https:\/\/www.groupeprofessionsante.fr\/en\/upcoming-summaries\/\",\"name\":\"Upcoming summaries - Groupe Profession Sant\u00e9\",\"isPartOf\":{\"@id\":\"https:\/\/www.groupeprofessionsante.fr\/en\/#website\"},\"datePublished\":\"2023-06-13T12:58:04+00:00\",\"dateModified\":\"2025-04-28T14:37:05+00:00\",\"breadcrumb\":{\"@id\":\"https:\/\/www.groupeprofessionsante.fr\/en\/upcoming-summaries\/#breadcrumb\"},\"inLanguage\":\"en-US\",\"potentialAction\":[{\"@type\":\"ReadAction\",\"target\":[\"https:\/\/www.groupeprofessionsante.fr\/en\/upcoming-summaries\/\"]}]},{\"@type\":\"BreadcrumbList\",\"@id\":\"https:\/\/www.groupeprofessionsante.fr\/en\/upcoming-summaries\/#breadcrumb\",\"itemListElement\":[{\"@type\":\"ListItem\",\"position\":1,\"name\":\"Accueil\",\"item\":\"https:\/\/www.groupeprofessionsante.fr\/en\/\"},{\"@type\":\"ListItem\",\"position\":2,\"name\":\"Upcoming summaries\"}]},{\"@type\":\"WebSite\",\"@id\":\"https:\/\/www.groupeprofessionsante.fr\/en\/#website\",\"url\":\"https:\/\/www.groupeprofessionsante.fr\/en\/\",\"name\":\"Groupe Profession Sant\u00e9\",\"description\":\"1er groupe M\u00e9dias et Services pour la sant\u00e9\",\"publisher\":{\"@id\":\"https:\/\/www.groupeprofessionsante.fr\/en\/#organization\"},\"alternateName\":\"1er Groupe m\u00e9dias et services pour les professionnels de sant\u00e9\",\"potentialAction\":[{\"@type\":\"SearchAction\",\"target\":{\"@type\":\"EntryPoint\",\"urlTemplate\":\"https:\/\/www.groupeprofessionsante.fr\/en\/?s={search_term_string}\"},\"query-input\":\"required name=search_term_string\"}],\"inLanguage\":\"en-US\"},{\"@type\":\"Organization\",\"@id\":\"https:\/\/www.groupeprofessionsante.fr\/en\/#organization\",\"name\":\"Groupe Profession Sant\u00e9\",\"url\":\"https:\/\/www.groupeprofessionsante.fr\/en\/\",\"logo\":{\"@type\":\"ImageObject\",\"inLanguage\":\"en-US\",\"@id\":\"https:\/\/www.groupeprofessionsante.fr\/en\/#\/schema\/logo\/image\/\",\"url\":\"https:\/\/www.groupeprofessionsante.fr\/wp-content\/uploads\/2022\/05\/logo-GPS.svg\",\"contentUrl\":\"https:\/\/www.groupeprofessionsante.fr\/wp-content\/uploads\/2022\/05\/logo-GPS.svg\",\"width\":208,\"height\":179,\"caption\":\"Groupe Profession Sant\u00e9\"},\"image\":{\"@id\":\"https:\/\/www.groupeprofessionsante.fr\/en\/#\/schema\/logo\/image\/\"},\"sameAs\":[\"https:\/\/www.linkedin.com\/company\/groupe-profession-sant\/?originalSubdomain=fr\",\"https:\/\/twitter.com\/gpsante\"]}]}<\/script>\n<!-- \/ Yoast SEO plugin. -->","yoast_head_json":{"title":"Upcoming summaries - Groupe Profession Sant\u00e9","robots":{"index":"index","follow":"follow","max-snippet":"max-snippet:-1","max-image-preview":"max-image-preview:large","max-video-preview":"max-video-preview:-1"},"canonical":"https:\/\/www.groupeprofessionsante.fr\/en\/upcoming-summaries\/","og_locale":"en_US","og_type":"article","og_title":"Upcoming summaries - Groupe Profession Sant\u00e9","og_description":"Upcoming summariesFind out more about the dossiers you won't want to miss in the coming months. Don't miss an opportunity to communicate! Editorial Calendar 1st half 2025Editorial Calendar 1st half 2025Planning 2024 World Health Days To be published on February 21 Le Quotidien du M\u00e9decin &nbsp; To be published on March 28 Le Quotidien du [&hellip;]","og_url":"https:\/\/www.groupeprofessionsante.fr\/en\/upcoming-summaries\/","og_site_name":"Groupe Profession Sant\u00e9","article_modified_time":"2025-04-28T14:37:05+00:00","twitter_card":"summary_large_image","twitter_site":"@gpsante","twitter_misc":{"Est. reading time":"8 minutes"},"schema":{"@context":"https:\/\/schema.org","@graph":[{"@type":"WebPage","@id":"https:\/\/www.groupeprofessionsante.fr\/en\/upcoming-summaries\/","url":"https:\/\/www.groupeprofessionsante.fr\/en\/upcoming-summaries\/","name":"Upcoming summaries - Groupe Profession Sant\u00e9","isPartOf":{"@id":"https:\/\/www.groupeprofessionsante.fr\/en\/#website"},"datePublished":"2023-06-13T12:58:04+00:00","dateModified":"2025-04-28T14:37:05+00:00","breadcrumb":{"@id":"https:\/\/www.groupeprofessionsante.fr\/en\/upcoming-summaries\/#breadcrumb"},"inLanguage":"en-US","potentialAction":[{"@type":"ReadAction","target":["https:\/\/www.groupeprofessionsante.fr\/en\/upcoming-summaries\/"]}]},{"@type":"BreadcrumbList","@id":"https:\/\/www.groupeprofessionsante.fr\/en\/upcoming-summaries\/#breadcrumb","itemListElement":[{"@type":"ListItem","position":1,"name":"Accueil","item":"https:\/\/www.groupeprofessionsante.fr\/en\/"},{"@type":"ListItem","position":2,"name":"Upcoming summaries"}]},{"@type":"WebSite","@id":"https:\/\/www.groupeprofessionsante.fr\/en\/#website","url":"https:\/\/www.groupeprofessionsante.fr\/en\/","name":"Groupe Profession Sant\u00e9","description":"1er groupe M\u00e9dias et Services pour la sant\u00e9","publisher":{"@id":"https:\/\/www.groupeprofessionsante.fr\/en\/#organization"},"alternateName":"1er Groupe m\u00e9dias et services pour les professionnels de sant\u00e9","potentialAction":[{"@type":"SearchAction","target":{"@type":"EntryPoint","urlTemplate":"https:\/\/www.groupeprofessionsante.fr\/en\/?s={search_term_string}"},"query-input":"required name=search_term_string"}],"inLanguage":"en-US"},{"@type":"Organization","@id":"https:\/\/www.groupeprofessionsante.fr\/en\/#organization","name":"Groupe Profession Sant\u00e9","url":"https:\/\/www.groupeprofessionsante.fr\/en\/","logo":{"@type":"ImageObject","inLanguage":"en-US","@id":"https:\/\/www.groupeprofessionsante.fr\/en\/#\/schema\/logo\/image\/","url":"https:\/\/www.groupeprofessionsante.fr\/wp-content\/uploads\/2022\/05\/logo-GPS.svg","contentUrl":"https:\/\/www.groupeprofessionsante.fr\/wp-content\/uploads\/2022\/05\/logo-GPS.svg","width":208,"height":179,"caption":"Groupe Profession Sant\u00e9"},"image":{"@id":"https:\/\/www.groupeprofessionsante.fr\/en\/#\/schema\/logo\/image\/"},"sameAs":["https:\/\/www.linkedin.com\/company\/groupe-profession-sant\/?originalSubdomain=fr","https:\/\/twitter.com\/gpsante"]}]}},"_links":{"self":[{"href":"https:\/\/www.groupeprofessionsante.fr\/en\/wp-json\/wp\/v2\/pages\/7114"}],"collection":[{"href":"https:\/\/www.groupeprofessionsante.fr\/en\/wp-json\/wp\/v2\/pages"}],"about":[{"href":"https:\/\/www.groupeprofessionsante.fr\/en\/wp-json\/wp\/v2\/types\/page"}],"author":[{"embeddable":true,"href":"https:\/\/www.groupeprofessionsante.fr\/en\/wp-json\/wp\/v2\/users\/12"}],"replies":[{"embeddable":true,"href":"https:\/\/www.groupeprofessionsante.fr\/en\/wp-json\/wp\/v2\/comments?post=7114"}],"version-history":[{"count":4,"href":"https:\/\/www.groupeprofessionsante.fr\/en\/wp-json\/wp\/v2\/pages\/7114\/revisions"}],"predecessor-version":[{"id":7431,"href":"https:\/\/www.groupeprofessionsante.fr\/en\/wp-json\/wp\/v2\/pages\/7114\/revisions\/7431"}],"wp:attachment":[{"href":"https:\/\/www.groupeprofessionsante.fr\/en\/wp-json\/wp\/v2\/media?parent=7114"}],"curies":[{"name":"wp","href":"https:\/\/api.w.org\/{rel}","templated":true}]}}