{"id":6882,"date":"2023-07-26T11:54:05","date_gmt":"2023-07-26T09:54:05","guid":{"rendered":"https:\/\/www.groupeprofessionsante.fr\/assia-mouloua\/"},"modified":"2024-12-12T15:59:45","modified_gmt":"2024-12-12T14:59:45","slug":"assia-mouloua","status":"publish","type":"page","link":"https:\/\/www.groupeprofessionsante.fr\/en\/assia-mouloua\/","title":{"rendered":"Assia Mouloua"},"content":{"rendered":"<p>[et_pb_section fb_built=&#8221;1&#8243; _builder_version=&#8221;4.19.4&#8243; _module_preset=&#8221;default&#8221; global_colors_info=&#8221;{}&#8221; theme_builder_area=&#8221;post_content&#8221;][et_pb_row _builder_version=&#8221;4.19.4&#8243; _module_preset=&#8221;default&#8221; global_colors_info=&#8221;{}&#8221; theme_builder_area=&#8221;post_content&#8221;][et_pb_column type=&#8221;4_4&#8243; _builder_version=&#8221;4.19.4&#8243; _module_preset=&#8221;default&#8221; global_colors_info=&#8221;{}&#8221; theme_builder_area=&#8221;post_content&#8221;][et_pb_testimonial author=&#8221;Assia Mouloua&#8221; job_title=&#8221;Traffic manager&#8221; portrait_url=&#8221;https:\/\/www.groupeprofessionsante.fr\/wp-content\/uploads\/2023\/06\/859bfa83-0f29-cc92-2890-c9224fbc6e5d.jpg&#8221; _builder_version=&#8221;4.19.4&#8243; _module_preset=&#8221;default&#8221; hover_enabled=&#8221;0&#8243; global_colors_info=&#8221;{}&#8221; theme_builder_area=&#8221;post_content&#8221; title_text=&#8221;859bfa83-0f29-cc92-2890-c9224fbc6e5d&#8221; sticky_enabled=&#8221;0&#8243;]<\/p>\n<p><em><span>Hello Assia,<\/span><\/em><\/p>\n<p><em><span>Why is it advisable to use sponsored posts on social networks?<\/span><\/em><\/p>\n<p>It is advisable to use sponsored posts to<span> <\/span><strong>increase the reach, visibility and impact of<\/strong><span> <\/span><strong>publications<\/strong> on social networks, and to achieve specific objectives (traffic, conversion, viewing, downloading&#8230;) with precise targeting and measurable results.<\/p>\n<p><em><span>Which social networks are best suited to targeting healthcare players?<\/span><\/em><\/p>\n<p>Each social network has its own audience and communication style, so it&#8217;s important to choose the platforms that best suit our target audience and objectives.<\/p>\n<p><strong>Facebook<\/strong><span> <\/span>is particularly useful for reaching an older audience, the over-35s. In addition, many health and wellness groups are active on this network. <\/p>\n<p><strong>Instagram<\/strong><span> <\/span>is a highly visual social network that is particularly well suited to health and wellness brands wishing to showcase their product or service.<\/p>\n<p><strong>LinkedIn<\/strong><span> <\/span>is a professional social network well suited to healthcare professionals who want to network with other colleagues and exchange ideas and information.<\/p>\n<p>To go even further, don&#8217;t hesitate to make sure you&#8217;re also present on<span> <\/span><strong>Twitter<\/strong><span> <\/span>to reach influencers and the media, and<span> <\/span> Tik<strong>Tok<\/strong><span> <\/span>to target younger audiences.<\/p>\n<p><em><span>What are the main KPIs you track to measure the success of your social network advertising campaigns?<\/span><\/em><\/p>\n<p>Here are some of the KPIs (key performance indicators) most commonly used to<span> <\/span><strong>measure the success of campaigns<\/strong><span> <\/span>advertising on social networks:<\/p>\n<p><strong>Conversion rate:<\/strong><span> <\/span>is the percentage of people who saw the publication and took a desired action, such as clicking on a link, filling in a form, watching a video&#8230;<\/p>\n<p><strong>Engagement rate<\/strong><span> <\/span>: this is the percentage of people who have seen the publication and interacted with it in some way, such as liking, commenting or sharing.<\/p>\n<p><strong>Click-through rate<\/strong><span> <\/span>(CTR): the ratio of clicks to impressions.<\/p>\n<p>It is therefore important to select the most relevant KPIs<span> <\/span><strong>according to campaign objectives and industry, and to monitor their evolution<\/strong><span> <\/span>over time to evaluate their effectiveness.<\/p>\n<p>[\/et_pb_testimonial][\/et_pb_column][\/et_pb_row][et_pb_row _builder_version=&#8221;4.19.4&#8243; _module_preset=&#8221;default&#8221; global_colors_info=&#8221;{}&#8221; theme_builder_area=&#8221;post_content&#8221;][et_pb_column type=&#8221;4_4&#8243; _builder_version=&#8221;4.19.4&#8243; _module_preset=&#8221;default&#8221; global_colors_info=&#8221;{}&#8221; theme_builder_area=&#8221;post_content&#8221;][et_pb_button button_url=&#8221;https:\/\/www.groupeprofessionsante.fr\/en\/our-teams\/&#8221; button_text=&#8221;Our teams&#8221; button_alignment=&#8221;left&#8221; _builder_version=&#8221;4.19.4&#8243; _module_preset=&#8221;default&#8221; global_colors_info=&#8221;{}&#8221; theme_builder_area=&#8221;post_content&#8221;][\/et_pb_button][\/et_pb_column][\/et_pb_row][\/et_pb_section]<\/p>\n","protected":false},"excerpt":{"rendered":"<p>Hello Assia, Why is it advisable to use sponsored posts on social networks? It is advisable to use sponsored posts to increase the reach, visibility and impact of publications on social networks, and to achieve specific objectives (traffic, conversion, viewing, downloading&#8230;) with precise targeting and measurable results. Which social networks are best suited to targeting [&hellip;]<\/p>\n","protected":false},"author":11,"featured_media":0,"parent":0,"menu_order":0,"comment_status":"closed","ping_status":"closed","template":"","meta":{"_et_pb_use_builder":"on","_et_pb_old_content":"","_et_gb_content_width":""},"acf":[],"yoast_head":"<!-- This site is optimized with the Yoast SEO plugin v19.11 - https:\/\/yoast.com\/wordpress\/plugins\/seo\/ -->\n<title>Assia Mouloua - Groupe Profession Sant\u00e9<\/title>\n<meta name=\"robots\" content=\"index, follow, max-snippet:-1, max-image-preview:large, max-video-preview:-1\" \/>\n<link rel=\"canonical\" href=\"https:\/\/www.groupeprofessionsante.fr\/en\/assia-mouloua\/\" \/>\n<meta property=\"og:locale\" content=\"en_US\" \/>\n<meta property=\"og:type\" content=\"article\" \/>\n<meta property=\"og:title\" content=\"Assia Mouloua - Groupe Profession Sant\u00e9\" \/>\n<meta property=\"og:description\" content=\"Hello Assia, Why is it advisable to use sponsored posts on social networks? It is advisable to use sponsored posts to increase the reach, visibility and impact of publications on social networks, and to achieve specific objectives (traffic, conversion, viewing, downloading...) with precise targeting and measurable results. Which social networks are best suited to targeting [&hellip;]\" \/>\n<meta property=\"og:url\" content=\"https:\/\/www.groupeprofessionsante.fr\/en\/assia-mouloua\/\" \/>\n<meta property=\"og:site_name\" content=\"Groupe Profession Sant\u00e9\" \/>\n<meta property=\"article:modified_time\" content=\"2024-12-12T14:59:45+00:00\" \/>\n<meta name=\"twitter:card\" content=\"summary_large_image\" \/>\n<meta name=\"twitter:site\" content=\"@gpsante\" \/>\n<meta name=\"twitter:label1\" content=\"Est. reading time\" \/>\n\t<meta name=\"twitter:data1\" content=\"3 minutes\" \/>\n<script type=\"application\/ld+json\" class=\"yoast-schema-graph\">{\"@context\":\"https:\/\/schema.org\",\"@graph\":[{\"@type\":\"WebPage\",\"@id\":\"https:\/\/www.groupeprofessionsante.fr\/en\/assia-mouloua\/\",\"url\":\"https:\/\/www.groupeprofessionsante.fr\/en\/assia-mouloua\/\",\"name\":\"Assia Mouloua - Groupe Profession Sant\u00e9\",\"isPartOf\":{\"@id\":\"https:\/\/www.groupeprofessionsante.fr\/en\/#website\"},\"datePublished\":\"2023-07-26T09:54:05+00:00\",\"dateModified\":\"2024-12-12T14:59:45+00:00\",\"breadcrumb\":{\"@id\":\"https:\/\/www.groupeprofessionsante.fr\/en\/assia-mouloua\/#breadcrumb\"},\"inLanguage\":\"en-US\",\"potentialAction\":[{\"@type\":\"ReadAction\",\"target\":[\"https:\/\/www.groupeprofessionsante.fr\/en\/assia-mouloua\/\"]}]},{\"@type\":\"BreadcrumbList\",\"@id\":\"https:\/\/www.groupeprofessionsante.fr\/en\/assia-mouloua\/#breadcrumb\",\"itemListElement\":[{\"@type\":\"ListItem\",\"position\":1,\"name\":\"Accueil\",\"item\":\"https:\/\/www.groupeprofessionsante.fr\/en\/\"},{\"@type\":\"ListItem\",\"position\":2,\"name\":\"Assia Mouloua\"}]},{\"@type\":\"WebSite\",\"@id\":\"https:\/\/www.groupeprofessionsante.fr\/en\/#website\",\"url\":\"https:\/\/www.groupeprofessionsante.fr\/en\/\",\"name\":\"Groupe Profession Sant\u00e9\",\"description\":\"1er groupe M\u00e9dias et Services pour la sant\u00e9\",\"publisher\":{\"@id\":\"https:\/\/www.groupeprofessionsante.fr\/en\/#organization\"},\"alternateName\":\"1er Groupe m\u00e9dias et services pour les professionnels de sant\u00e9\",\"potentialAction\":[{\"@type\":\"SearchAction\",\"target\":{\"@type\":\"EntryPoint\",\"urlTemplate\":\"https:\/\/www.groupeprofessionsante.fr\/en\/?s={search_term_string}\"},\"query-input\":\"required name=search_term_string\"}],\"inLanguage\":\"en-US\"},{\"@type\":\"Organization\",\"@id\":\"https:\/\/www.groupeprofessionsante.fr\/en\/#organization\",\"name\":\"Groupe Profession Sant\u00e9\",\"url\":\"https:\/\/www.groupeprofessionsante.fr\/en\/\",\"logo\":{\"@type\":\"ImageObject\",\"inLanguage\":\"en-US\",\"@id\":\"https:\/\/www.groupeprofessionsante.fr\/en\/#\/schema\/logo\/image\/\",\"url\":\"https:\/\/www.groupeprofessionsante.fr\/wp-content\/uploads\/2022\/05\/logo-GPS.svg\",\"contentUrl\":\"https:\/\/www.groupeprofessionsante.fr\/wp-content\/uploads\/2022\/05\/logo-GPS.svg\",\"width\":208,\"height\":179,\"caption\":\"Groupe Profession Sant\u00e9\"},\"image\":{\"@id\":\"https:\/\/www.groupeprofessionsante.fr\/en\/#\/schema\/logo\/image\/\"},\"sameAs\":[\"https:\/\/www.linkedin.com\/company\/groupe-profession-sant\/?originalSubdomain=fr\",\"https:\/\/twitter.com\/gpsante\"]}]}<\/script>\n<!-- \/ Yoast SEO plugin. -->","yoast_head_json":{"title":"Assia Mouloua - Groupe Profession Sant\u00e9","robots":{"index":"index","follow":"follow","max-snippet":"max-snippet:-1","max-image-preview":"max-image-preview:large","max-video-preview":"max-video-preview:-1"},"canonical":"https:\/\/www.groupeprofessionsante.fr\/en\/assia-mouloua\/","og_locale":"en_US","og_type":"article","og_title":"Assia Mouloua - Groupe Profession Sant\u00e9","og_description":"Hello Assia, Why is it advisable to use sponsored posts on social networks? It is advisable to use sponsored posts to increase the reach, visibility and impact of publications on social networks, and to achieve specific objectives (traffic, conversion, viewing, downloading...) with precise targeting and measurable results. Which social networks are best suited to targeting [&hellip;]","og_url":"https:\/\/www.groupeprofessionsante.fr\/en\/assia-mouloua\/","og_site_name":"Groupe Profession Sant\u00e9","article_modified_time":"2024-12-12T14:59:45+00:00","twitter_card":"summary_large_image","twitter_site":"@gpsante","twitter_misc":{"Est. reading time":"3 minutes"},"schema":{"@context":"https:\/\/schema.org","@graph":[{"@type":"WebPage","@id":"https:\/\/www.groupeprofessionsante.fr\/en\/assia-mouloua\/","url":"https:\/\/www.groupeprofessionsante.fr\/en\/assia-mouloua\/","name":"Assia Mouloua - Groupe Profession Sant\u00e9","isPartOf":{"@id":"https:\/\/www.groupeprofessionsante.fr\/en\/#website"},"datePublished":"2023-07-26T09:54:05+00:00","dateModified":"2024-12-12T14:59:45+00:00","breadcrumb":{"@id":"https:\/\/www.groupeprofessionsante.fr\/en\/assia-mouloua\/#breadcrumb"},"inLanguage":"en-US","potentialAction":[{"@type":"ReadAction","target":["https:\/\/www.groupeprofessionsante.fr\/en\/assia-mouloua\/"]}]},{"@type":"BreadcrumbList","@id":"https:\/\/www.groupeprofessionsante.fr\/en\/assia-mouloua\/#breadcrumb","itemListElement":[{"@type":"ListItem","position":1,"name":"Accueil","item":"https:\/\/www.groupeprofessionsante.fr\/en\/"},{"@type":"ListItem","position":2,"name":"Assia Mouloua"}]},{"@type":"WebSite","@id":"https:\/\/www.groupeprofessionsante.fr\/en\/#website","url":"https:\/\/www.groupeprofessionsante.fr\/en\/","name":"Groupe Profession Sant\u00e9","description":"1er groupe M\u00e9dias et Services pour la sant\u00e9","publisher":{"@id":"https:\/\/www.groupeprofessionsante.fr\/en\/#organization"},"alternateName":"1er Groupe m\u00e9dias et services pour les professionnels de sant\u00e9","potentialAction":[{"@type":"SearchAction","target":{"@type":"EntryPoint","urlTemplate":"https:\/\/www.groupeprofessionsante.fr\/en\/?s={search_term_string}"},"query-input":"required name=search_term_string"}],"inLanguage":"en-US"},{"@type":"Organization","@id":"https:\/\/www.groupeprofessionsante.fr\/en\/#organization","name":"Groupe Profession Sant\u00e9","url":"https:\/\/www.groupeprofessionsante.fr\/en\/","logo":{"@type":"ImageObject","inLanguage":"en-US","@id":"https:\/\/www.groupeprofessionsante.fr\/en\/#\/schema\/logo\/image\/","url":"https:\/\/www.groupeprofessionsante.fr\/wp-content\/uploads\/2022\/05\/logo-GPS.svg","contentUrl":"https:\/\/www.groupeprofessionsante.fr\/wp-content\/uploads\/2022\/05\/logo-GPS.svg","width":208,"height":179,"caption":"Groupe Profession Sant\u00e9"},"image":{"@id":"https:\/\/www.groupeprofessionsante.fr\/en\/#\/schema\/logo\/image\/"},"sameAs":["https:\/\/www.linkedin.com\/company\/groupe-profession-sant\/?originalSubdomain=fr","https:\/\/twitter.com\/gpsante"]}]}},"_links":{"self":[{"href":"https:\/\/www.groupeprofessionsante.fr\/en\/wp-json\/wp\/v2\/pages\/6882"}],"collection":[{"href":"https:\/\/www.groupeprofessionsante.fr\/en\/wp-json\/wp\/v2\/pages"}],"about":[{"href":"https:\/\/www.groupeprofessionsante.fr\/en\/wp-json\/wp\/v2\/types\/page"}],"author":[{"embeddable":true,"href":"https:\/\/www.groupeprofessionsante.fr\/en\/wp-json\/wp\/v2\/users\/11"}],"replies":[{"embeddable":true,"href":"https:\/\/www.groupeprofessionsante.fr\/en\/wp-json\/wp\/v2\/comments?post=6882"}],"version-history":[{"count":1,"href":"https:\/\/www.groupeprofessionsante.fr\/en\/wp-json\/wp\/v2\/pages\/6882\/revisions"}],"predecessor-version":[{"id":6885,"href":"https:\/\/www.groupeprofessionsante.fr\/en\/wp-json\/wp\/v2\/pages\/6882\/revisions\/6885"}],"wp:attachment":[{"href":"https:\/\/www.groupeprofessionsante.fr\/en\/wp-json\/wp\/v2\/media?parent=6882"}],"curies":[{"name":"wp","href":"https:\/\/api.w.org\/{rel}","templated":true}]}}