{"id":6801,"date":"2022-09-09T15:30:51","date_gmt":"2022-09-09T13:30:51","guid":{"rendered":"https:\/\/www.groupeprofessionsante.fr\/jobs\/"},"modified":"2025-01-24T11:11:45","modified_gmt":"2025-01-24T10:11:45","slug":"jobs","status":"publish","type":"page","link":"https:\/\/www.groupeprofessionsante.fr\/en\/jobs\/","title":{"rendered":"Jobs"},"content":{"rendered":"<p>[et_pb_section fb_built=&#8221;1&#8243; next_background_color=&#8221;#ffffff&#8221; _builder_version=&#8221;4.18.0&#8243; _module_preset=&#8221;default&#8221; background_color=&#8221;#3F3F3F&#8221; use_background_color_gradient=&#8221;on&#8221; background_color_gradient_direction=&#8221;312deg&#8221; background_color_gradient_stops=&#8221;#000000 0%|#3f3f3f 100%&#8221; custom_margin=&#8221;0px||0px||true|false&#8221; custom_padding=&#8221;60px||45px||false|false&#8221; bottom_divider_style=&#8221;asymmetric&#8221; bottom_divider_height=&#8221;70px&#8221; locked=&#8221;off&#8221; global_colors_info=&#8221;{}&#8221;][et_pb_row column_structure=&#8221;1_2,1_2&#8243; _builder_version=&#8221;4.18.0&#8243; _module_preset=&#8221;default&#8221; custom_padding=&#8221;40px||35px|||&#8221; global_colors_info=&#8221;{}&#8221;][et_pb_column type=&#8221;1_2&#8243; _builder_version=&#8221;4.18.0&#8243; _module_preset=&#8221;default&#8221; global_colors_info=&#8221;{}&#8221;][et_pb_text _builder_version=&#8221;4.19.1&#8243; _module_preset=&#8221;default&#8221; link_text_color=&#8221;#E5E5E5&#8243; link_font_size=&#8221;13px&#8221; header_font=&#8221;|||on|||||&#8221; header_text_color=&#8221;#FFFFFF&#8221; header_font_size=&#8221;65px&#8221; custom_margin=&#8221;||10px|||&#8221; header_font_size_tablet=&#8221;44px&#8221; header_font_size_phone=&#8221;34px&#8221; header_font_size_last_edited=&#8221;on|phone&#8221; global_colors_info=&#8221;{}&#8221;]<\/p>\n<h1>Our solutions<\/h1>\n<p>[\/et_pb_text][et_pb_text _builder_version=&#8221;4.18.0&#8243; _module_preset=&#8221;default&#8221; header_2_font=&#8221;|700||on|||||&#8221; header_2_text_align=&#8221;center&#8221; header_2_text_color=&#8221;#000000&#8243; header_2_font_size=&#8221;20px&#8221; header_2_letter_spacing=&#8221;4px&#8221; background_color=&#8221;#FFFFFF&#8221; max_width=&#8221;240px&#8221; module_alignment=&#8221;left&#8221; custom_margin=&#8221;0px||0px||true|false&#8221; custom_padding=&#8221;17px||9px||false|false&#8221; global_colors_info=&#8221;{}&#8221;]<\/p>\n<h2>Jobs<\/h2>\n<p>[\/et_pb_text][et_pb_text _builder_version=&#8221;4.18.0&#8243; _module_preset=&#8221;default&#8221; text_text_color=&#8221;#FFFFFF&#8221; text_font_size=&#8221;13px&#8221; link_text_color=&#8221;#E5E5E5&#8243; link_font_size=&#8221;13px&#8221; custom_margin=&#8221;7px|||||&#8221; locked=&#8221;off&#8221; global_colors_info=&#8221;{}&#8221;]<\/p>\n<span><span><a href=\"https:\/\/www.groupeprofessionsante.fr\/en\/\">Accueil<\/a><\/span>\n<p>[\/et_pb_text][\/et_pb_column][et_pb_column type=&#8221;1_2&#8243; _builder_version=&#8221;4.18.0&#8243; _module_preset=&#8221;default&#8221; global_colors_info=&#8221;{}&#8221;][\/et_pb_column][\/et_pb_row][\/et_pb_section][et_pb_section fb_built=&#8221;1&#8243; _builder_version=&#8221;4.18.0&#8243; _module_preset=&#8221;default&#8221; custom_padding=&#8221;31px||53px|||&#8221; global_colors_info=&#8221;{}&#8221;][et_pb_row _builder_version=&#8221;4.17.1&#8243; _module_preset=&#8221;default&#8221; custom_margin=&#8221;|auto|-6px|auto||&#8221; custom_padding=&#8221;||8px|||&#8221; locked=&#8221;off&#8221; global_colors_info=&#8221;{}&#8221;][et_pb_column type=&#8221;4_4&#8243; _builder_version=&#8221;4.17.1&#8243; _module_preset=&#8221;default&#8221; global_colors_info=&#8221;{}&#8221;][et_pb_text _builder_version=&#8221;4.19.1&#8243; _module_preset=&#8221;default&#8221; text_font=&#8221;|300|||||||&#8221; text_text_color=&#8221;#000000&#8243; text_line_height=&#8221;1.8em&#8221; text_orientation=&#8221;center&#8221; max_width=&#8221;70%&#8221; max_width_tablet=&#8221;100%&#8221; max_width_phone=&#8221;100%&#8221; max_width_last_edited=&#8221;on|tablet&#8221; module_alignment=&#8221;center&#8221; custom_margin=&#8221;||12px|||&#8221; global_colors_info=&#8221;{}&#8221;]<\/p>\n<p class=\"p1\">With its 2 job boards and 3 media brands<strong>, GROUPE PROFESSION SANTE is a key player in the field of medical and paramedical employment.<\/strong><\/p>\n<p class=\"p1\">We offer you a complete range of healthcare recruitment services.<\/p>\n<p>[\/et_pb_text][\/et_pb_column][\/et_pb_row][\/et_pb_section][et_pb_section fb_built=&#8221;1&#8243; _builder_version=&#8221;4.18.0&#8243; _module_preset=&#8221;default&#8221; background_color=&#8221;#E5E5E5&#8243; custom_padding=&#8221;39px||41px|||&#8221; global_colors_info=&#8221;{}&#8221;][et_pb_row _builder_version=&#8221;4.18.0&#8243; _module_preset=&#8221;default&#8221; global_colors_info=&#8221;{}&#8221;][et_pb_column type=&#8221;4_4&#8243; _builder_version=&#8221;4.18.0&#8243; _module_preset=&#8221;default&#8221; global_colors_info=&#8221;{}&#8221;][et_pb_text _builder_version=&#8221;4.18.0&#8243; _module_preset=&#8221;default&#8221; text_font=&#8221;|300|||||||&#8221; text_text_color=&#8221;#000000&#8243; text_font_size=&#8221;31px&#8221; header_2_text_align=&#8221;center&#8221; header_2_text_color=&#8221;#000000&#8243; header_2_font_size=&#8221;33px&#8221; custom_margin=&#8221;||17px|||&#8221; global_colors_info=&#8221;{}&#8221;]<\/p>\n<h2>We cover <b>more than 170 professions:<\/b><\/h2>\n<p>[\/et_pb_text][\/et_pb_column][\/et_pb_row][et_pb_row column_structure=&#8221;1_4,1_4,1_4,1_4&#8243; module_class=&#8221;liste&#8221; _builder_version=&#8221;4.18.0&#8243; _module_preset=&#8221;default&#8221; custom_padding=&#8221;||31px|||&#8221; global_colors_info=&#8221;{}&#8221;][et_pb_column type=&#8221;1_4&#8243; _builder_version=&#8221;4.18.0&#8243; _module_preset=&#8221;default&#8221; global_colors_info=&#8221;{}&#8221;][et_pb_text _builder_version=&#8221;4.22.2&#8243; _module_preset=&#8221;default&#8221; ul_font=&#8221;|600|||||||&#8221; ul_text_color=&#8221;#000000&#8243; custom_margin=&#8221;0px||0px||true|false&#8221; custom_padding=&#8221;0px||0px||true|false&#8221; hover_enabled=&#8221;0&#8243; global_colors_info=&#8221;{}&#8221; sticky_enabled=&#8221;0&#8243;]<\/p>\n<ul>\n<li>Hospital Services Agent (ASH)<\/li>\n<li>Medical-psychological assistant<\/li>\n<li>Care assistant<\/li>\n<li>Anaesthesiologist<\/li>\n<li>Child care assistant<\/li>\n<li>Carer<\/li>\n<\/ul>\n<p>[\/et_pb_text][\/et_pb_column][et_pb_column type=&#8221;1_4&#8243; _builder_version=&#8221;4.18.0&#8243; _module_preset=&#8221;default&#8221; global_colors_info=&#8221;{}&#8221;][et_pb_text _builder_version=&#8221;4.18.0&#8243; _module_preset=&#8221;default&#8221; ul_font=&#8221;|600|||||||&#8221; ul_text_color=&#8221;#000000&#8243; custom_margin=&#8221;0px||0px||true|false&#8221; custom_padding=&#8221;0px||0px||true|false&#8221; global_colors_info=&#8221;{}&#8221;]<\/p>\n<ul>\n<li>Health executive<\/li>\n<li>Cardiologist<\/li>\n<li>Specialized educator<\/li>\n<li>Geriatrician<\/li>\n<li>Gynecologist-obstetrician<\/li>\n<li>Nurse<\/li>\n<\/ul>\n<p>[\/et_pb_text][\/et_pb_column][et_pb_column type=&#8221;1_4&#8243; _builder_version=&#8221;4.18.0&#8243; _module_preset=&#8221;default&#8221; global_colors_info=&#8221;{}&#8221;][et_pb_text _builder_version=&#8221;4.22.2&#8243; _module_preset=&#8221;default&#8221; ul_font=&#8221;|600|||||||&#8221; ul_text_color=&#8221;#000000&#8243; custom_margin=&#8221;0px||0px||true|false&#8221; custom_padding=&#8221;0px||0px||true|false&#8221; hover_enabled=&#8221;0&#8243; global_colors_info=&#8221;{}&#8221; sticky_enabled=&#8221;0&#8243;]<\/p>\n<ul>\n<li>Physiotherapist<\/li>\n<li>Occupational physician<\/li>\n<li>General Practitioner<\/li>\n<li>Ophthalmologist<\/li>\n<li>Pediatrician<\/li>\n<li>Pharmacist<\/li>\n<\/ul>\n<p>[\/et_pb_text][\/et_pb_column][et_pb_column type=&#8221;1_4&#8243; _builder_version=&#8221;4.18.0&#8243; _module_preset=&#8221;default&#8221; global_colors_info=&#8221;{}&#8221;][et_pb_text _builder_version=&#8221;4.18.0&#8243; _module_preset=&#8221;default&#8221; ul_font=&#8221;|600|||||||&#8221; ul_text_color=&#8221;#000000&#8243; custom_margin=&#8221;0px||0px||true|false&#8221; custom_padding=&#8221;0px||0px||true|false&#8221; global_colors_info=&#8221;{}&#8221;]<\/p>\n<ul>\n<li>\nPsychiatrist<\/li>\n<li>\nPsychologist<\/li>\n<li>\nRadiologist<\/li>\n<li>\nMedical secretary<\/li>\n<li>\nEmergency doctor<\/li>\n<li>\n&#8230;\n<\/li>\n<\/ul>\n<p>[\/et_pb_text][\/et_pb_column][\/et_pb_row][\/et_pb_section][et_pb_section fb_built=&#8221;1&#8243; _builder_version=&#8221;4.18.0&#8243; _module_preset=&#8221;default&#8221; custom_padding=&#8221;||57px|||&#8221; global_colors_info=&#8221;{}&#8221;][et_pb_row _builder_version=&#8221;4.18.0&#8243; _module_preset=&#8221;default&#8221; custom_padding=&#8221;||15px|||&#8221; global_colors_info=&#8221;{}&#8221;][et_pb_column type=&#8221;4_4&#8243; _builder_version=&#8221;4.18.0&#8243; _module_preset=&#8221;default&#8221; global_colors_info=&#8221;{}&#8221;][et_pb_text _builder_version=&#8221;4.18.0&#8243; _module_preset=&#8221;default&#8221; text_font=&#8221;|300|||||||&#8221; text_text_color=&#8221;#000000&#8243; text_font_size=&#8221;31px&#8221; header_2_text_align=&#8221;center&#8221; header_2_text_color=&#8221;#000000&#8243; header_2_font_size=&#8221;33px&#8221; custom_margin=&#8221;||17px|||&#8221; global_colors_info=&#8221;{}&#8221;]<\/p>\n<h2>Our<b> job boards<\/b><\/h2>\n<p>[\/et_pb_text][et_pb_divider color=&#8221;#007EC4&#8243; divider_weight=&#8221;4px&#8221; _builder_version=&#8221;4.18.0&#8243; _module_preset=&#8221;default&#8221; width=&#8221;100px&#8221; module_alignment=&#8221;center&#8221; custom_margin=&#8221;||24px|||&#8221; global_colors_info=&#8221;{}&#8221;][\/et_pb_divider][et_pb_text _builder_version=&#8221;4.19.1&#8243; _module_preset=&#8221;default&#8221; text_font=&#8221;|300|||||||&#8221; text_text_color=&#8221;#000000&#8243; text_line_height=&#8221;1.8em&#8221; text_orientation=&#8221;center&#8221; max_width=&#8221;70%&#8221; max_width_tablet=&#8221;100%&#8221; max_width_phone=&#8221;100%&#8221; max_width_last_edited=&#8221;on|tablet&#8221; module_alignment=&#8221;center&#8221; custom_margin=&#8221;||3px|||&#8221; global_colors_info=&#8221;{}&#8221;]<\/p>\n<p class=\"p1\">Every month, our two job boards offer <strong>thousands of vacancies throughout France for all<\/strong> <strong>healthcare<\/strong> <strong>professionals<\/strong>: doctors, nurses, healthcare executives, physiotherapists, care assistants, nursery nurses, pharmacists, IADEs, IBODEs&#8230;<\/p>\n<p>[\/et_pb_text][\/et_pb_column][\/et_pb_row][et_pb_row column_structure=&#8221;1_2,1_2&#8243; _builder_version=&#8221;4.18.0&#8243; _module_preset=&#8221;default&#8221; animation_style=&#8221;slide&#8221; global_colors_info=&#8221;{}&#8221;][et_pb_column type=&#8221;1_2&#8243; _builder_version=&#8221;4.18.0&#8243; _module_preset=&#8221;default&#8221; global_colors_info=&#8221;{}&#8221;][et_pb_image src=&#8221;https:\/\/www.groupeprofessionsante.fr\/wp-content\/uploads\/2022\/09\/emploi-medecin.png&#8221; title_text=&#8221;emploi-medecin&#8221; align=&#8221;center&#8221; _builder_version=&#8221;4.18.0&#8243; _module_preset=&#8221;default&#8221; width=&#8221;230px&#8221; custom_margin=&#8221;||23px|||&#8221; global_colors_info=&#8221;{}&#8221;][\/et_pb_image][et_pb_button button_url=&#8221;https:\/\/www.emploimedecin.com\/&#8221; url_new_window=&#8221;on&#8221; button_text=&#8221;Read more&#8221; button_alignment=&#8221;center&#8221; _builder_version=&#8221;4.18.0&#8243; _module_preset=&#8221;default&#8221; custom_button=&#8221;on&#8221; button_text_size=&#8221;12px&#8221; button_text_color=&#8221;#FFFFFF&#8221; button_bg_color=&#8221;#000000&#8243; button_border_width=&#8221;0px&#8221; button_border_radius=&#8221;26px&#8221; button_letter_spacing=&#8221;1px&#8221; button_font=&#8221;|800||on|||||&#8221; custom_padding=&#8221;10px|40px|10px|40px|true|true&#8221; global_colors_info=&#8221;{}&#8221;][\/et_pb_button][\/et_pb_column][et_pb_column type=&#8221;1_2&#8243; _builder_version=&#8221;4.18.0&#8243; _module_preset=&#8221;default&#8221; global_colors_info=&#8221;{}&#8221;][et_pb_image src=&#8221;https:\/\/www.groupeprofessionsante.fr\/wp-content\/uploads\/2022\/09\/emploi-soignant.png&#8221; title_text=&#8221;nursing jobs&#8221; align=&#8221;center&#8221; _builder_version=&#8221;4.18.0&#8243; _module_preset=&#8221;default&#8221; width=&#8221;230px&#8221; custom_margin=&#8221;||23px|||&#8221; global_colors_info=&#8221;{}&#8221;][\/et_pb_image][et_pb_button button_url=&#8221;https:\/\/www.emploisoignant.com\/&#8221; url_new_window=&#8221;on&#8221; button_text=&#8221;Read more&#8221; button_alignment=&#8221;center&#8221; _builder_version=&#8221;4.18.0&#8243; _module_preset=&#8221;default&#8221; custom_button=&#8221;on&#8221; button_text_size=&#8221;12px&#8221; button_text_color=&#8221;#FFFFFF&#8221; button_bg_color=&#8221;#000000&#8243; button_border_width=&#8221;0px&#8221; button_border_radius=&#8221;26px&#8221; button_letter_spacing=&#8221;1px&#8221; button_font=&#8221;|800||on|||||&#8221; custom_padding=&#8221;10px|40px|10px|40px|true|true&#8221; global_colors_info=&#8221;{}&#8221;][\/et_pb_button][\/et_pb_column][\/et_pb_row][\/et_pb_section][et_pb_section fb_built=&#8221;1&#8243; _builder_version=&#8221;4.18.0&#8243; _module_preset=&#8221;default&#8221; background_color=&#8221;#E5E5E5&#8243; custom_padding=&#8221;47px||57px|||&#8221; global_colors_info=&#8221;{}&#8221;][et_pb_row _builder_version=&#8221;4.18.0&#8243; _module_preset=&#8221;default&#8221; custom_margin=&#8221;|auto|7px|auto||&#8221; custom_padding=&#8221;27px||11px|||&#8221; global_colors_info=&#8221;{}&#8221;][et_pb_column type=&#8221;4_4&#8243; _builder_version=&#8221;4.18.0&#8243; _module_preset=&#8221;default&#8221; global_colors_info=&#8221;{}&#8221;][et_pb_text _builder_version=&#8221;4.19.1&#8243; _module_preset=&#8221;default&#8221; text_font=&#8221;|300|||||||&#8221; text_text_color=&#8221;#000000&#8243; text_font_size=&#8221;31px&#8221; header_2_text_align=&#8221;center&#8221; header_2_text_color=&#8221;#000000&#8243; header_2_font_size=&#8221;33px&#8221; custom_margin=&#8221;||19px|||&#8221; global_colors_info=&#8221;{}&#8221;]<\/p>\n<h2>Our<b> offer<\/b><\/h2>\n<p>[\/et_pb_text][et_pb_divider color=&#8221;#007EC4&#8243; divider_weight=&#8221;4px&#8221; _builder_version=&#8221;4.18.0&#8243; _module_preset=&#8221;default&#8221; width=&#8221;100px&#8221; module_alignment=&#8221;center&#8221; custom_margin=&#8221;||16px|||&#8221; global_colors_info=&#8221;{}&#8221;][\/et_pb_divider][et_pb_text _builder_version=&#8221;4.18.0&#8243; _module_preset=&#8221;default&#8221; text_font=&#8221;|300|||||||&#8221; text_text_color=&#8221;#000000&#8243; text_line_height=&#8221;1.8em&#8221; text_orientation=&#8221;center&#8221; max_width=&#8221;700px&#8221; module_alignment=&#8221;center&#8221; custom_margin=&#8221;||12px|||&#8221; global_colors_info=&#8221;{}&#8221;]<\/p>\n<p class=\"p1\">We also offer our recruiters a range of solutions relayed by <strong>our specialist journals, to ensure maximum visibility for your advertisements<\/strong>: publication of job offers, HR communication solutions, development of the <em>Employer Brand<\/em> among healthcare professionals.<\/p>\n<p>[\/et_pb_text][et_pb_image src=&#8221;https:\/\/www.groupeprofessionsante.fr\/wp-content\/uploads\/2022\/11\/marques-es-em-desktop-2.png&#8221; alt=&#8221;Nursing jobs&#8221; title_text=&#8221;marques-es-em-desktop-2&#8243; align=&#8221;center&#8221; _builder_version=&#8221;4.19.1&#8243; _module_preset=&#8221;default&#8221; custom_padding=&#8221;39px|||||&#8221; global_colors_info=&#8221;{}&#8221;][\/et_pb_image][\/et_pb_column][\/et_pb_row][\/et_pb_section][et_pb_section fb_built=&#8221;1&#8243; _builder_version=&#8221;4.18.0&#8243; _module_preset=&#8221;default&#8221; background_color=&#8221;#FFFFFF&#8221; custom_padding=&#8221;38px||33px|||&#8221; locked=&#8221;off&#8221; global_colors_info=&#8221;{}&#8221;][et_pb_row column_structure=&#8221;3_5,2_5&#8243; _builder_version=&#8221;4.18.0&#8243; _module_preset=&#8221;default&#8221; custom_margin=&#8221;|auto|-4px|auto||&#8221; global_colors_info=&#8221;{}&#8221;][et_pb_column type=&#8221;3_5&#8243; _builder_version=&#8221;4.18.0&#8243; _module_preset=&#8221;default&#8221; global_colors_info=&#8221;{}&#8221;][et_pb_text _builder_version=&#8221;4.19.1&#8243; _module_preset=&#8221;default&#8221; text_text_color=&#8221;#000000&#8243; header_3_font=&#8221;|300|||||||&#8221; header_3_text_align=&#8221;right&#8221; header_3_text_color=&#8221;#000000&#8243; header_3_font_size=&#8221;37px&#8221; header_3_text_align_tablet=&#8221;center&#8221; header_3_text_align_phone=&#8221;center&#8221; header_3_text_align_last_edited=&#8221;on|tablet&#8221; global_colors_info=&#8221;{}&#8221;]<\/p>\n<h3>Looking to <strong>recruit?<\/strong><\/h3>\n<p>[\/et_pb_text][\/et_pb_column][et_pb_column type=&#8221;2_5&#8243; _builder_version=&#8221;4.18.0&#8243; _module_preset=&#8221;default&#8221; global_colors_info=&#8221;{}&#8221;][et_pb_button button_url=&#8221;https:\/\/www.groupeprofessionsante.fr\/en\/contact\/&#8221; button_text=&#8221;Contact us&#8221; button_alignment=&#8221;center&#8221; _builder_version=&#8221;4.18.0&#8243; _module_preset=&#8221;default&#8221; custom_button=&#8221;on&#8221; button_text_size=&#8221;13px&#8221; button_text_color=&#8221;#FFFFFF&#8221; button_bg_color=&#8221;#000000&#8243; button_border_width=&#8221;0px&#8221; button_border_radius=&#8221;26px&#8221; button_letter_spacing=&#8221;1px&#8221; button_font=&#8221;|800||on|||||&#8221; custom_padding=&#8221;10px|40px|10px|40px|true|true&#8221; global_colors_info=&#8221;{}&#8221;][\/et_pb_button][\/et_pb_column][\/et_pb_row][\/et_pb_section]<\/p>\n","protected":false},"excerpt":{"rendered":"<p>Our solutionsJobs<span><span><a href=\"https:\/\/www.groupeprofessionsante.fr\/en\/\">Accueil<\/a><\/span>With its 2 job boards and 3 media brands, GROUPE PROFESSION SANTE is a key player in the field of medical and paramedical employment. We offer you a complete range of healthcare recruitment services.We cover more than 170 professions: Hospital Services Agent (ASH) Medical-psychological assistant Care assistant Anaesthesiologist Child care assistant Carer Health executive [&hellip;]<\/p>\n","protected":false},"author":1,"featured_media":0,"parent":0,"menu_order":0,"comment_status":"closed","ping_status":"closed","template":"","meta":{"_et_pb_use_builder":"on","_et_pb_old_content":"","_et_gb_content_width":""},"acf":[],"yoast_head":"<!-- This site is optimized with the Yoast SEO plugin v19.11 - https:\/\/yoast.com\/wordpress\/plugins\/seo\/ -->\n<title>Jobs - Groupe Profession Sant\u00e9<\/title>\n<meta name=\"robots\" content=\"index, follow, max-snippet:-1, max-image-preview:large, max-video-preview:-1\" \/>\n<link rel=\"canonical\" href=\"https:\/\/www.groupeprofessionsante.fr\/en\/jobs\/\" \/>\n<meta property=\"og:locale\" content=\"en_US\" \/>\n<meta property=\"og:type\" content=\"article\" \/>\n<meta property=\"og:title\" content=\"Jobs - Groupe Profession Sant\u00e9\" \/>\n<meta property=\"og:description\" content=\"Our solutionsJobsWith its 2 job boards and 3 media brands, GROUPE PROFESSION SANTE is a key player in the field of medical and paramedical employment. We offer you a complete range of healthcare recruitment services.We cover more than 170 professions: Hospital Services Agent (ASH) Medical-psychological assistant Care assistant Anaesthesiologist Child care assistant Carer Health executive [&hellip;]\" \/>\n<meta property=\"og:url\" content=\"https:\/\/www.groupeprofessionsante.fr\/en\/jobs\/\" \/>\n<meta property=\"og:site_name\" content=\"Groupe Profession Sant\u00e9\" \/>\n<meta property=\"article:modified_time\" content=\"2025-01-24T10:11:45+00:00\" \/>\n<meta name=\"twitter:card\" content=\"summary_large_image\" \/>\n<meta name=\"twitter:site\" content=\"@gpsante\" \/>\n<meta name=\"twitter:label1\" content=\"Est. reading time\" \/>\n\t<meta name=\"twitter:data1\" content=\"3 minutes\" \/>\n<script type=\"application\/ld+json\" class=\"yoast-schema-graph\">{\"@context\":\"https:\/\/schema.org\",\"@graph\":[{\"@type\":\"WebPage\",\"@id\":\"https:\/\/www.groupeprofessionsante.fr\/en\/jobs\/\",\"url\":\"https:\/\/www.groupeprofessionsante.fr\/en\/jobs\/\",\"name\":\"Jobs - Groupe Profession Sant\u00e9\",\"isPartOf\":{\"@id\":\"https:\/\/www.groupeprofessionsante.fr\/en\/#website\"},\"datePublished\":\"2022-09-09T13:30:51+00:00\",\"dateModified\":\"2025-01-24T10:11:45+00:00\",\"breadcrumb\":{\"@id\":\"https:\/\/www.groupeprofessionsante.fr\/en\/jobs\/#breadcrumb\"},\"inLanguage\":\"en-US\",\"potentialAction\":[{\"@type\":\"ReadAction\",\"target\":[\"https:\/\/www.groupeprofessionsante.fr\/en\/jobs\/\"]}]},{\"@type\":\"BreadcrumbList\",\"@id\":\"https:\/\/www.groupeprofessionsante.fr\/en\/jobs\/#breadcrumb\",\"itemListElement\":[{\"@type\":\"ListItem\",\"position\":1,\"name\":\"Accueil\",\"item\":\"https:\/\/www.groupeprofessionsante.fr\/en\/\"},{\"@type\":\"ListItem\",\"position\":2,\"name\":\"Jobs\"}]},{\"@type\":\"WebSite\",\"@id\":\"https:\/\/www.groupeprofessionsante.fr\/en\/#website\",\"url\":\"https:\/\/www.groupeprofessionsante.fr\/en\/\",\"name\":\"Groupe Profession Sant\u00e9\",\"description\":\"1er groupe M\u00e9dias et Services pour la sant\u00e9\",\"publisher\":{\"@id\":\"https:\/\/www.groupeprofessionsante.fr\/en\/#organization\"},\"alternateName\":\"1er Groupe m\u00e9dias et services pour les professionnels de sant\u00e9\",\"potentialAction\":[{\"@type\":\"SearchAction\",\"target\":{\"@type\":\"EntryPoint\",\"urlTemplate\":\"https:\/\/www.groupeprofessionsante.fr\/en\/?s={search_term_string}\"},\"query-input\":\"required name=search_term_string\"}],\"inLanguage\":\"en-US\"},{\"@type\":\"Organization\",\"@id\":\"https:\/\/www.groupeprofessionsante.fr\/en\/#organization\",\"name\":\"Groupe Profession Sant\u00e9\",\"url\":\"https:\/\/www.groupeprofessionsante.fr\/en\/\",\"logo\":{\"@type\":\"ImageObject\",\"inLanguage\":\"en-US\",\"@id\":\"https:\/\/www.groupeprofessionsante.fr\/en\/#\/schema\/logo\/image\/\",\"url\":\"https:\/\/www.groupeprofessionsante.fr\/wp-content\/uploads\/2022\/05\/logo-GPS.svg\",\"contentUrl\":\"https:\/\/www.groupeprofessionsante.fr\/wp-content\/uploads\/2022\/05\/logo-GPS.svg\",\"width\":208,\"height\":179,\"caption\":\"Groupe Profession Sant\u00e9\"},\"image\":{\"@id\":\"https:\/\/www.groupeprofessionsante.fr\/en\/#\/schema\/logo\/image\/\"},\"sameAs\":[\"https:\/\/www.linkedin.com\/company\/groupe-profession-sant\/?originalSubdomain=fr\",\"https:\/\/twitter.com\/gpsante\"]}]}<\/script>\n<!-- \/ Yoast SEO plugin. -->","yoast_head_json":{"title":"Jobs - Groupe Profession Sant\u00e9","robots":{"index":"index","follow":"follow","max-snippet":"max-snippet:-1","max-image-preview":"max-image-preview:large","max-video-preview":"max-video-preview:-1"},"canonical":"https:\/\/www.groupeprofessionsante.fr\/en\/jobs\/","og_locale":"en_US","og_type":"article","og_title":"Jobs - Groupe Profession Sant\u00e9","og_description":"Our solutionsJobsWith its 2 job boards and 3 media brands, GROUPE PROFESSION SANTE is a key player in the field of medical and paramedical employment. We offer you a complete range of healthcare recruitment services.We cover more than 170 professions: Hospital Services Agent (ASH) Medical-psychological assistant Care assistant Anaesthesiologist Child care assistant Carer Health executive [&hellip;]","og_url":"https:\/\/www.groupeprofessionsante.fr\/en\/jobs\/","og_site_name":"Groupe Profession Sant\u00e9","article_modified_time":"2025-01-24T10:11:45+00:00","twitter_card":"summary_large_image","twitter_site":"@gpsante","twitter_misc":{"Est. reading time":"3 minutes"},"schema":{"@context":"https:\/\/schema.org","@graph":[{"@type":"WebPage","@id":"https:\/\/www.groupeprofessionsante.fr\/en\/jobs\/","url":"https:\/\/www.groupeprofessionsante.fr\/en\/jobs\/","name":"Jobs - Groupe Profession Sant\u00e9","isPartOf":{"@id":"https:\/\/www.groupeprofessionsante.fr\/en\/#website"},"datePublished":"2022-09-09T13:30:51+00:00","dateModified":"2025-01-24T10:11:45+00:00","breadcrumb":{"@id":"https:\/\/www.groupeprofessionsante.fr\/en\/jobs\/#breadcrumb"},"inLanguage":"en-US","potentialAction":[{"@type":"ReadAction","target":["https:\/\/www.groupeprofessionsante.fr\/en\/jobs\/"]}]},{"@type":"BreadcrumbList","@id":"https:\/\/www.groupeprofessionsante.fr\/en\/jobs\/#breadcrumb","itemListElement":[{"@type":"ListItem","position":1,"name":"Accueil","item":"https:\/\/www.groupeprofessionsante.fr\/en\/"},{"@type":"ListItem","position":2,"name":"Jobs"}]},{"@type":"WebSite","@id":"https:\/\/www.groupeprofessionsante.fr\/en\/#website","url":"https:\/\/www.groupeprofessionsante.fr\/en\/","name":"Groupe Profession Sant\u00e9","description":"1er groupe M\u00e9dias et Services pour la sant\u00e9","publisher":{"@id":"https:\/\/www.groupeprofessionsante.fr\/en\/#organization"},"alternateName":"1er Groupe m\u00e9dias et services pour les professionnels de sant\u00e9","potentialAction":[{"@type":"SearchAction","target":{"@type":"EntryPoint","urlTemplate":"https:\/\/www.groupeprofessionsante.fr\/en\/?s={search_term_string}"},"query-input":"required name=search_term_string"}],"inLanguage":"en-US"},{"@type":"Organization","@id":"https:\/\/www.groupeprofessionsante.fr\/en\/#organization","name":"Groupe Profession Sant\u00e9","url":"https:\/\/www.groupeprofessionsante.fr\/en\/","logo":{"@type":"ImageObject","inLanguage":"en-US","@id":"https:\/\/www.groupeprofessionsante.fr\/en\/#\/schema\/logo\/image\/","url":"https:\/\/www.groupeprofessionsante.fr\/wp-content\/uploads\/2022\/05\/logo-GPS.svg","contentUrl":"https:\/\/www.groupeprofessionsante.fr\/wp-content\/uploads\/2022\/05\/logo-GPS.svg","width":208,"height":179,"caption":"Groupe Profession Sant\u00e9"},"image":{"@id":"https:\/\/www.groupeprofessionsante.fr\/en\/#\/schema\/logo\/image\/"},"sameAs":["https:\/\/www.linkedin.com\/company\/groupe-profession-sant\/?originalSubdomain=fr","https:\/\/twitter.com\/gpsante"]}]}},"_links":{"self":[{"href":"https:\/\/www.groupeprofessionsante.fr\/en\/wp-json\/wp\/v2\/pages\/6801"}],"collection":[{"href":"https:\/\/www.groupeprofessionsante.fr\/en\/wp-json\/wp\/v2\/pages"}],"about":[{"href":"https:\/\/www.groupeprofessionsante.fr\/en\/wp-json\/wp\/v2\/types\/page"}],"author":[{"embeddable":true,"href":"https:\/\/www.groupeprofessionsante.fr\/en\/wp-json\/wp\/v2\/users\/1"}],"replies":[{"embeddable":true,"href":"https:\/\/www.groupeprofessionsante.fr\/en\/wp-json\/wp\/v2\/comments?post=6801"}],"version-history":[{"count":7,"href":"https:\/\/www.groupeprofessionsante.fr\/en\/wp-json\/wp\/v2\/pages\/6801\/revisions"}],"predecessor-version":[{"id":7030,"href":"https:\/\/www.groupeprofessionsante.fr\/en\/wp-json\/wp\/v2\/pages\/6801\/revisions\/7030"}],"wp:attachment":[{"href":"https:\/\/www.groupeprofessionsante.fr\/en\/wp-json\/wp\/v2\/media?parent=6801"}],"curies":[{"name":"wp","href":"https:\/\/api.w.org\/{rel}","templated":true}]}}