{"id":6796,"date":"2022-09-09T17:11:19","date_gmt":"2022-09-09T15:11:19","guid":{"rendered":"https:\/\/www.groupeprofessionsante.fr\/training\/"},"modified":"2025-01-24T11:12:11","modified_gmt":"2025-01-24T10:12:11","slug":"training","status":"publish","type":"page","link":"https:\/\/www.groupeprofessionsante.fr\/en\/training\/","title":{"rendered":"Training"},"content":{"rendered":"<p>[et_pb_section fb_built=&#8221;1&#8243; next_background_color=&#8221;#ffffff&#8221; _builder_version=&#8221;4.18.0&#8243; _module_preset=&#8221;default&#8221; background_color=&#8221;#3F3F3F&#8221; use_background_color_gradient=&#8221;on&#8221; background_color_gradient_direction=&#8221;312deg&#8221; background_color_gradient_stops=&#8221;#000000 0%|#3f3f3f 100%&#8221; custom_margin=&#8221;0px||0px||true|false&#8221; custom_padding=&#8221;60px||45px||false|false&#8221; bottom_divider_style=&#8221;asymmetric&#8221; bottom_divider_height=&#8221;70px&#8221; locked=&#8221;off&#8221; global_colors_info=&#8221;{}&#8221;][et_pb_row column_structure=&#8221;1_2,1_2&#8243; _builder_version=&#8221;4.18.0&#8243; _module_preset=&#8221;default&#8221; custom_padding=&#8221;40px||36px|||&#8221; global_colors_info=&#8221;{}&#8221;][et_pb_column type=&#8221;1_2&#8243; _builder_version=&#8221;4.18.0&#8243; _module_preset=&#8221;default&#8221; global_colors_info=&#8221;{}&#8221;][et_pb_text _builder_version=&#8221;4.18.0&#8243; _module_preset=&#8221;default&#8221; link_text_color=&#8221;#E5E5E5&#8243; link_font_size=&#8221;13px&#8221; header_font=&#8221;|||on|||||&#8221; header_text_color=&#8221;#FFFFFF&#8221; header_font_size=&#8221;65px&#8221; custom_margin=&#8221;||10px|||&#8221; header_font_size_tablet=&#8221;44px&#8221; header_font_size_phone=&#8221;34px&#8221; header_font_size_last_edited=&#8221;on|phone&#8221; global_colors_info=&#8221;{}&#8221;]<\/p>\n<h1>Our solutions<\/h1>\n<p>[\/et_pb_text][et_pb_text _builder_version=&#8221;4.18.0&#8243; _module_preset=&#8221;default&#8221; header_2_font=&#8221;|700||on|||||&#8221; header_2_text_align=&#8221;center&#8221; header_2_text_color=&#8221;#000000&#8243; header_2_font_size=&#8221;20px&#8221; header_2_letter_spacing=&#8221;4px&#8221; background_color=&#8221;#FFFFFF&#8221; max_width=&#8221;240px&#8221; module_alignment=&#8221;left&#8221; custom_margin=&#8221;0px||0px||true|false&#8221; custom_padding=&#8221;17px||9px||false|false&#8221; global_colors_info=&#8221;{}&#8221;]<\/p>\n<h2>Training<\/h2>\n<p>[\/et_pb_text][et_pb_text _builder_version=&#8221;4.18.0&#8243; _module_preset=&#8221;default&#8221; text_text_color=&#8221;#FFFFFF&#8221; text_font_size=&#8221;13px&#8221; link_text_color=&#8221;#E5E5E5&#8243; link_font_size=&#8221;13px&#8221; custom_margin=&#8221;7px|||||&#8221; locked=&#8221;off&#8221; global_colors_info=&#8221;{}&#8221;]<\/p>\n<span><span><a href=\"https:\/\/www.groupeprofessionsante.fr\/en\/\">Accueil<\/a><\/span>\n<p>[\/et_pb_text][\/et_pb_column][et_pb_column type=&#8221;1_2&#8243; _builder_version=&#8221;4.18.0&#8243; _module_preset=&#8221;default&#8221; global_colors_info=&#8221;{}&#8221;][\/et_pb_column][\/et_pb_row][\/et_pb_section][et_pb_section fb_built=&#8221;1&#8243; _builder_version=&#8221;4.18.0&#8243; _module_preset=&#8221;default&#8221; custom_padding=&#8221;31px||25px|||&#8221; global_colors_info=&#8221;{}&#8221;][et_pb_row _builder_version=&#8221;4.17.1&#8243; _module_preset=&#8221;default&#8221; custom_margin=&#8221;|auto|-6px|auto||&#8221; custom_padding=&#8221;||8px|||&#8221; locked=&#8221;off&#8221; global_colors_info=&#8221;{}&#8221;][et_pb_column type=&#8221;4_4&#8243; _builder_version=&#8221;4.17.1&#8243; _module_preset=&#8221;default&#8221; global_colors_info=&#8221;{}&#8221;][et_pb_text _builder_version=&#8221;4.19.1&#8243; _module_preset=&#8221;default&#8221; text_font=&#8221;|300|||||||&#8221; text_text_color=&#8221;#000000&#8243; text_line_height=&#8221;1.8em&#8221; text_orientation=&#8221;center&#8221; max_width=&#8221;90%&#8221; max_width_tablet=&#8221;100%&#8221; max_width_phone=&#8221;100%&#8221; max_width_last_edited=&#8221;on|tablet&#8221; module_alignment=&#8221;center&#8221; custom_margin=&#8221;||37px|||&#8221; global_colors_info=&#8221;{}&#8221;]<\/p>\n<p class=\"p1\">We offer training courses for healthcare professionals, students and candidates for paramedical examinations.  <strong>We train more than 5,000 learners every year.  <\/strong><\/p>\n<p class=\"p1\">Our <strong>e-learning and face-to-face training courses cover a wide range of topics<\/strong>, and are designed, tutored and delivered by healthcare professionals who are experts in their fields.<\/p>\n<p>[\/et_pb_text][et_pb_divider color=&#8221;#000000&#8243; divider_weight=&#8221;4px&#8221; _builder_version=&#8221;4.18.0&#8243; _module_preset=&#8221;default&#8221; width=&#8221;100px&#8221; module_alignment=&#8221;center&#8221; global_colors_info=&#8221;{}&#8221;][\/et_pb_divider][\/et_pb_column][\/et_pb_row][\/et_pb_section][et_pb_section fb_built=&#8221;1&#8243; _builder_version=&#8221;4.18.0&#8243; _module_preset=&#8221;default&#8221; background_color=&#8221;#E5E5E5&#8243; custom_margin=&#8221;19px|||||&#8221; custom_padding=&#8221;||53px|||&#8221; global_colors_info=&#8221;{}&#8221;][et_pb_row column_structure=&#8221;1_2,1_2&#8243; _builder_version=&#8221;4.18.0&#8243; _module_preset=&#8221;default&#8221; custom_padding=&#8221;||11px|||&#8221; global_colors_info=&#8221;{}&#8221;][et_pb_column type=&#8221;1_2&#8243; _builder_version=&#8221;4.18.0&#8243; _module_preset=&#8221;default&#8221; global_colors_info=&#8221;{}&#8221;][et_pb_text _builder_version=&#8221;4.18.0&#8243; _module_preset=&#8221;default&#8221; text_font=&#8221;|300|||||||&#8221; text_text_color=&#8221;#000000&#8243; text_font_size=&#8221;31px&#8221; text_line_height=&#8221;1.4em&#8221; header_2_font=&#8221;||||||||&#8221; header_2_text_color=&#8221;#000000&#8243; header_2_font_size=&#8221;33px&#8221; custom_margin=&#8221;||19px|||&#8221; global_colors_info=&#8221;{}&#8221;]<\/p>\n<p><strong>MEDI formation<\/strong>: The health e-learning expert<\/p>\n<p>[\/et_pb_text][et_pb_divider color=&#8221;#007EC4&#8243; divider_weight=&#8221;4px&#8221; _builder_version=&#8221;4.18.0&#8243; _module_preset=&#8221;default&#8221; max_width=&#8221;80px&#8221; min_height=&#8221;20.8px&#8221; custom_margin=&#8221;||-1px|||&#8221; custom_padding=&#8221;||0px||false|false&#8221; global_colors_info=&#8221;{}&#8221;][\/et_pb_divider][et_pb_text _builder_version=&#8221;4.18.0&#8243; _module_preset=&#8221;default&#8221; text_font_size=&#8221;15px&#8221; custom_margin=&#8221;||19px|||&#8221; global_colors_info=&#8221;{}&#8221;]<\/p>\n<p>MEDI Formation is a specialist in e-learning training for nurses and care assistants, and has been training nursing staff for several years, offering a wide range of topics dedicated to caregiver training.<\/p>\n<p>[\/et_pb_text][et_pb_image src=&#8221;https:\/\/www.groupeprofessionsante.fr\/wp-content\/uploads\/2022\/09\/mediformation.png&#8221; alt=&#8221;mediformation&#8221; title_text=&#8221;mediformation&#8221; _builder_version=&#8221;4.18.0&#8243; _module_preset=&#8221;default&#8221; max_width=&#8221;150px&#8221; global_colors_info=&#8221;{}&#8221;][\/et_pb_image][\/et_pb_column][et_pb_column type=&#8221;1_2&#8243; _builder_version=&#8221;4.18.0&#8243; _module_preset=&#8221;default&#8221; global_colors_info=&#8221;{}&#8221;][et_pb_image src=&#8221;https:\/\/www.groupeprofessionsante.fr\/wp-content\/uploads\/2022\/09\/marques-mediformation.png&#8221; alt=&#8221;mediformation brands&#8221; title_text=&#8221;marques-mediformation&#8221; show_bottom_space=&#8221;off&#8221; _builder_version=&#8221;4.18.0&#8243; _module_preset=&#8221;default&#8221; custom_margin=&#8221;-80px||||false|false&#8221; custom_padding=&#8221;||0px|||&#8221; global_colors_info=&#8221;{}&#8221;][\/et_pb_image][\/et_pb_column][\/et_pb_row][et_pb_row column_structure=&#8221;1_3,1_3,1_3&#8243; _builder_version=&#8221;4.18.0&#8243; _module_preset=&#8221;default&#8221; background_enable_color=&#8221;off&#8221; width=&#8221;98%&#8221; custom_padding=&#8221;31px|||||&#8221; locked=&#8221;off&#8221; global_colors_info=&#8221;{}&#8221;][et_pb_column type=&#8221;1_3&#8243; _builder_version=&#8221;4.18.0&#8243; _module_preset=&#8221;default&#8221; global_colors_info=&#8221;{}&#8221;][et_pb_number_counter title=&#8221;learners trained per year&#8221; number=&#8221;5500&#8243; percent_sign=&#8221;off&#8221; module_class=&#8221;plusde&#8221; _builder_version=&#8221;4.18.0&#8243; _module_preset=&#8221;default&#8221; title_font=&#8221;|600|||||||&#8221; title_text_color=&#8221;#000000&#8243; title_font_size=&#8221;18px&#8221; title_line_height=&#8221;1.2em&#8221; number_font=&#8221;|800|||||||&#8221; number_text_color=&#8221;#000000&#8243; number_font_size=&#8221;50px&#8221; number_line_height=&#8221;54px&#8221; custom_margin=&#8221;0px||0px||true|false&#8221; custom_padding=&#8221;0px||0px||true|false&#8221; global_colors_info=&#8221;{}&#8221;][\/et_pb_number_counter][\/et_pb_column][et_pb_column type=&#8221;1_3&#8243; _builder_version=&#8221;4.18.0&#8243; _module_preset=&#8221;default&#8221; global_colors_info=&#8221;{}&#8221;][et_pb_number_counter title=&#8221;training themes&#8221; number=&#8221;20&#8243; percent_sign=&#8221;off&#8221; number_tablet=&#8221;213000&#8243; number_phone=&#8221;213000&#8243; number_last_edited=&#8221;on|desktop&#8221; module_class=&#8221;plusde&#8221; _builder_version=&#8221;4.18.0&#8243; _module_preset=&#8221;default&#8221; title_font=&#8221;|600|||||||&#8221; title_text_color=&#8221;#000000&#8243; title_font_size=&#8221;18px&#8221; title_line_height=&#8221;1.2em&#8221; number_font=&#8221;|800|||||||&#8221; number_text_align=&#8221;center&#8221; number_text_color=&#8221;#000000&#8243; number_font_size=&#8221;50px&#8221; number_line_height=&#8221;54px&#8221; custom_margin=&#8221;0px||0px||true|false&#8221; custom_padding=&#8221;0px||0px||true|false&#8221; global_colors_info=&#8221;{}&#8221;][\/et_pb_number_counter][\/et_pb_column][et_pb_column type=&#8221;1_3&#8243; _builder_version=&#8221;4.18.0&#8243; _module_preset=&#8221;default&#8221; global_colors_info=&#8221;{}&#8221;][et_pb_number_counter title=&#8221;training hours&#8221; number=&#8221;55000&#8243; percent_sign=&#8221;off&#8221; _builder_version=&#8221;4.18.0&#8243; _module_preset=&#8221;default&#8221; title_font=&#8221;|600|||||||&#8221; title_text_color=&#8221;#000000&#8243; title_font_size=&#8221;18px&#8221; title_line_height=&#8221;1.2em&#8221; number_font=&#8221;|800|||||||&#8221; number_text_color=&#8221;#000000&#8243; number_font_size=&#8221;50px&#8221; number_line_height=&#8221;54px&#8221; custom_margin=&#8221;0px||0px||true|false&#8221; custom_padding=&#8221;0px||0px||true|false&#8221; global_colors_info=&#8221;{}&#8221;][\/et_pb_number_counter][\/et_pb_column][\/et_pb_row][\/et_pb_section][et_pb_section fb_built=&#8221;1&#8243; _builder_version=&#8221;4.18.0&#8243; _module_preset=&#8221;default&#8221; background_color=&#8221;#FFFFFF&#8221; custom_padding=&#8221;38px||33px|||&#8221; locked=&#8221;off&#8221; global_colors_info=&#8221;{}&#8221;][et_pb_row column_structure=&#8221;3_5,2_5&#8243; _builder_version=&#8221;4.18.0&#8243; _module_preset=&#8221;default&#8221; custom_margin=&#8221;|auto|-4px|auto||&#8221; global_colors_info=&#8221;{}&#8221;][et_pb_column type=&#8221;3_5&#8243; _builder_version=&#8221;4.18.0&#8243; _module_preset=&#8221;default&#8221; global_colors_info=&#8221;{}&#8221;][et_pb_text _builder_version=&#8221;4.19.1&#8243; _module_preset=&#8221;default&#8221; text_text_color=&#8221;#000000&#8243; header_3_font=&#8221;|300|||||||&#8221; header_3_text_align=&#8221;right&#8221; header_3_text_color=&#8221;#000000&#8243; header_3_font_size=&#8221;34px&#8221; header_3_text_align_tablet=&#8221;center&#8221; header_3_text_align_phone=&#8221;center&#8221; header_3_text_align_last_edited=&#8221;on|desktop&#8221; global_colors_info=&#8221;{}&#8221;]<\/p>\n<h3>Would you like to discuss <strong>a training course?<\/strong><\/h3>\n<p>[\/et_pb_text][\/et_pb_column][et_pb_column type=&#8221;2_5&#8243; _builder_version=&#8221;4.18.0&#8243; _module_preset=&#8221;default&#8221; global_colors_info=&#8221;{}&#8221;][et_pb_button button_text=&#8221;Contact us&#8221; button_alignment=&#8221;center&#8221; _builder_version=&#8221;4.18.0&#8243; _module_preset=&#8221;default&#8221; custom_button=&#8221;on&#8221; button_text_size=&#8221;13px&#8221; button_text_color=&#8221;#FFFFFF&#8221; button_bg_color=&#8221;#000000&#8243; button_border_width=&#8221;0px&#8221; button_border_radius=&#8221;26px&#8221; button_letter_spacing=&#8221;1px&#8221; button_font=&#8221;|800||on|||||&#8221; custom_padding=&#8221;10px|40px|10px|40px|true|true&#8221; global_colors_info=&#8221;{}&#8221;][\/et_pb_button][\/et_pb_column][\/et_pb_row][\/et_pb_section]<\/p>\n","protected":false},"excerpt":{"rendered":"<p>Our solutionsTraining<span><span><a href=\"https:\/\/www.groupeprofessionsante.fr\/en\/\">Accueil<\/a><\/span>We offer training courses for healthcare professionals, students and candidates for paramedical examinations. We train more than 5,000 learners every year. Our e-learning and face-to-face training courses cover a wide range of topics, and are designed, tutored and delivered by healthcare professionals who are experts in their fields.MEDI formation: The health e-learning expertMEDI Formation [&hellip;]<\/p>\n","protected":false},"author":1,"featured_media":0,"parent":0,"menu_order":0,"comment_status":"closed","ping_status":"closed","template":"","meta":{"_et_pb_use_builder":"on","_et_pb_old_content":"","_et_gb_content_width":""},"acf":[],"yoast_head":"<!-- This site is optimized with the Yoast SEO plugin v19.11 - https:\/\/yoast.com\/wordpress\/plugins\/seo\/ -->\n<title>Training - Groupe Profession Sant\u00e9<\/title>\n<meta name=\"robots\" content=\"index, follow, max-snippet:-1, max-image-preview:large, max-video-preview:-1\" \/>\n<link rel=\"canonical\" href=\"https:\/\/www.groupeprofessionsante.fr\/en\/training\/\" \/>\n<meta property=\"og:locale\" content=\"en_US\" \/>\n<meta property=\"og:type\" content=\"article\" \/>\n<meta property=\"og:title\" content=\"Training - Groupe Profession Sant\u00e9\" \/>\n<meta property=\"og:description\" content=\"Our solutionsTrainingWe offer training courses for healthcare professionals, students and candidates for paramedical examinations. We train more than 5,000 learners every year. Our e-learning and face-to-face training courses cover a wide range of topics, and are designed, tutored and delivered by healthcare professionals who are experts in their fields.MEDI formation: The health e-learning expertMEDI Formation [&hellip;]\" \/>\n<meta property=\"og:url\" content=\"https:\/\/www.groupeprofessionsante.fr\/en\/training\/\" \/>\n<meta property=\"og:site_name\" content=\"Groupe Profession Sant\u00e9\" \/>\n<meta property=\"article:modified_time\" content=\"2025-01-24T10:12:11+00:00\" \/>\n<meta name=\"twitter:card\" content=\"summary_large_image\" \/>\n<meta name=\"twitter:site\" content=\"@gpsante\" \/>\n<meta name=\"twitter:label1\" content=\"Est. reading time\" \/>\n\t<meta name=\"twitter:data1\" content=\"3 minutes\" \/>\n<script type=\"application\/ld+json\" class=\"yoast-schema-graph\">{\"@context\":\"https:\/\/schema.org\",\"@graph\":[{\"@type\":\"WebPage\",\"@id\":\"https:\/\/www.groupeprofessionsante.fr\/en\/training\/\",\"url\":\"https:\/\/www.groupeprofessionsante.fr\/en\/training\/\",\"name\":\"Training - Groupe Profession Sant\u00e9\",\"isPartOf\":{\"@id\":\"https:\/\/www.groupeprofessionsante.fr\/en\/#website\"},\"datePublished\":\"2022-09-09T15:11:19+00:00\",\"dateModified\":\"2025-01-24T10:12:11+00:00\",\"breadcrumb\":{\"@id\":\"https:\/\/www.groupeprofessionsante.fr\/en\/training\/#breadcrumb\"},\"inLanguage\":\"en-US\",\"potentialAction\":[{\"@type\":\"ReadAction\",\"target\":[\"https:\/\/www.groupeprofessionsante.fr\/en\/training\/\"]}]},{\"@type\":\"BreadcrumbList\",\"@id\":\"https:\/\/www.groupeprofessionsante.fr\/en\/training\/#breadcrumb\",\"itemListElement\":[{\"@type\":\"ListItem\",\"position\":1,\"name\":\"Accueil\",\"item\":\"https:\/\/www.groupeprofessionsante.fr\/en\/\"},{\"@type\":\"ListItem\",\"position\":2,\"name\":\"Training\"}]},{\"@type\":\"WebSite\",\"@id\":\"https:\/\/www.groupeprofessionsante.fr\/en\/#website\",\"url\":\"https:\/\/www.groupeprofessionsante.fr\/en\/\",\"name\":\"Groupe Profession Sant\u00e9\",\"description\":\"1er groupe M\u00e9dias et Services pour la sant\u00e9\",\"publisher\":{\"@id\":\"https:\/\/www.groupeprofessionsante.fr\/en\/#organization\"},\"alternateName\":\"1er Groupe m\u00e9dias et services pour les professionnels de sant\u00e9\",\"potentialAction\":[{\"@type\":\"SearchAction\",\"target\":{\"@type\":\"EntryPoint\",\"urlTemplate\":\"https:\/\/www.groupeprofessionsante.fr\/en\/?s={search_term_string}\"},\"query-input\":\"required name=search_term_string\"}],\"inLanguage\":\"en-US\"},{\"@type\":\"Organization\",\"@id\":\"https:\/\/www.groupeprofessionsante.fr\/en\/#organization\",\"name\":\"Groupe Profession Sant\u00e9\",\"url\":\"https:\/\/www.groupeprofessionsante.fr\/en\/\",\"logo\":{\"@type\":\"ImageObject\",\"inLanguage\":\"en-US\",\"@id\":\"https:\/\/www.groupeprofessionsante.fr\/en\/#\/schema\/logo\/image\/\",\"url\":\"https:\/\/www.groupeprofessionsante.fr\/wp-content\/uploads\/2022\/05\/logo-GPS.svg\",\"contentUrl\":\"https:\/\/www.groupeprofessionsante.fr\/wp-content\/uploads\/2022\/05\/logo-GPS.svg\",\"width\":208,\"height\":179,\"caption\":\"Groupe Profession Sant\u00e9\"},\"image\":{\"@id\":\"https:\/\/www.groupeprofessionsante.fr\/en\/#\/schema\/logo\/image\/\"},\"sameAs\":[\"https:\/\/www.linkedin.com\/company\/groupe-profession-sant\/?originalSubdomain=fr\",\"https:\/\/twitter.com\/gpsante\"]}]}<\/script>\n<!-- \/ Yoast SEO plugin. -->","yoast_head_json":{"title":"Training - Groupe Profession Sant\u00e9","robots":{"index":"index","follow":"follow","max-snippet":"max-snippet:-1","max-image-preview":"max-image-preview:large","max-video-preview":"max-video-preview:-1"},"canonical":"https:\/\/www.groupeprofessionsante.fr\/en\/training\/","og_locale":"en_US","og_type":"article","og_title":"Training - Groupe Profession Sant\u00e9","og_description":"Our solutionsTrainingWe offer training courses for healthcare professionals, students and candidates for paramedical examinations. We train more than 5,000 learners every year. Our e-learning and face-to-face training courses cover a wide range of topics, and are designed, tutored and delivered by healthcare professionals who are experts in their fields.MEDI formation: The health e-learning expertMEDI Formation [&hellip;]","og_url":"https:\/\/www.groupeprofessionsante.fr\/en\/training\/","og_site_name":"Groupe Profession Sant\u00e9","article_modified_time":"2025-01-24T10:12:11+00:00","twitter_card":"summary_large_image","twitter_site":"@gpsante","twitter_misc":{"Est. reading time":"3 minutes"},"schema":{"@context":"https:\/\/schema.org","@graph":[{"@type":"WebPage","@id":"https:\/\/www.groupeprofessionsante.fr\/en\/training\/","url":"https:\/\/www.groupeprofessionsante.fr\/en\/training\/","name":"Training - Groupe Profession Sant\u00e9","isPartOf":{"@id":"https:\/\/www.groupeprofessionsante.fr\/en\/#website"},"datePublished":"2022-09-09T15:11:19+00:00","dateModified":"2025-01-24T10:12:11+00:00","breadcrumb":{"@id":"https:\/\/www.groupeprofessionsante.fr\/en\/training\/#breadcrumb"},"inLanguage":"en-US","potentialAction":[{"@type":"ReadAction","target":["https:\/\/www.groupeprofessionsante.fr\/en\/training\/"]}]},{"@type":"BreadcrumbList","@id":"https:\/\/www.groupeprofessionsante.fr\/en\/training\/#breadcrumb","itemListElement":[{"@type":"ListItem","position":1,"name":"Accueil","item":"https:\/\/www.groupeprofessionsante.fr\/en\/"},{"@type":"ListItem","position":2,"name":"Training"}]},{"@type":"WebSite","@id":"https:\/\/www.groupeprofessionsante.fr\/en\/#website","url":"https:\/\/www.groupeprofessionsante.fr\/en\/","name":"Groupe Profession Sant\u00e9","description":"1er groupe M\u00e9dias et Services pour la sant\u00e9","publisher":{"@id":"https:\/\/www.groupeprofessionsante.fr\/en\/#organization"},"alternateName":"1er Groupe m\u00e9dias et services pour les professionnels de sant\u00e9","potentialAction":[{"@type":"SearchAction","target":{"@type":"EntryPoint","urlTemplate":"https:\/\/www.groupeprofessionsante.fr\/en\/?s={search_term_string}"},"query-input":"required name=search_term_string"}],"inLanguage":"en-US"},{"@type":"Organization","@id":"https:\/\/www.groupeprofessionsante.fr\/en\/#organization","name":"Groupe Profession Sant\u00e9","url":"https:\/\/www.groupeprofessionsante.fr\/en\/","logo":{"@type":"ImageObject","inLanguage":"en-US","@id":"https:\/\/www.groupeprofessionsante.fr\/en\/#\/schema\/logo\/image\/","url":"https:\/\/www.groupeprofessionsante.fr\/wp-content\/uploads\/2022\/05\/logo-GPS.svg","contentUrl":"https:\/\/www.groupeprofessionsante.fr\/wp-content\/uploads\/2022\/05\/logo-GPS.svg","width":208,"height":179,"caption":"Groupe Profession Sant\u00e9"},"image":{"@id":"https:\/\/www.groupeprofessionsante.fr\/en\/#\/schema\/logo\/image\/"},"sameAs":["https:\/\/www.linkedin.com\/company\/groupe-profession-sant\/?originalSubdomain=fr","https:\/\/twitter.com\/gpsante"]}]}},"_links":{"self":[{"href":"https:\/\/www.groupeprofessionsante.fr\/en\/wp-json\/wp\/v2\/pages\/6796"}],"collection":[{"href":"https:\/\/www.groupeprofessionsante.fr\/en\/wp-json\/wp\/v2\/pages"}],"about":[{"href":"https:\/\/www.groupeprofessionsante.fr\/en\/wp-json\/wp\/v2\/types\/page"}],"author":[{"embeddable":true,"href":"https:\/\/www.groupeprofessionsante.fr\/en\/wp-json\/wp\/v2\/users\/1"}],"replies":[{"embeddable":true,"href":"https:\/\/www.groupeprofessionsante.fr\/en\/wp-json\/wp\/v2\/comments?post=6796"}],"version-history":[{"count":2,"href":"https:\/\/www.groupeprofessionsante.fr\/en\/wp-json\/wp\/v2\/pages\/6796\/revisions"}],"predecessor-version":[{"id":7031,"href":"https:\/\/www.groupeprofessionsante.fr\/en\/wp-json\/wp\/v2\/pages\/6796\/revisions\/7031"}],"wp:attachment":[{"href":"https:\/\/www.groupeprofessionsante.fr\/en\/wp-json\/wp\/v2\/media?parent=6796"}],"curies":[{"name":"wp","href":"https:\/\/api.w.org\/{rel}","templated":true}]}}